{"id":6013,"date":"2023-02-12T00:09:55","date_gmt":"2023-02-12T00:09:55","guid":{"rendered":"https:\/\/thespoonchef.com\/se\/?post_type=product&#038;p=6013"},"modified":"2026-05-01T17:24:59","modified_gmt":"2026-05-01T17:24:59","slug":"viktvaktarnas-recept-for-airfryer-tryckt-bok","status":"publish","type":"product","link":"https:\/\/thespoonchef.com\/se\/product\/viktvaktarnas-recept-for-airfryer-tryckt-bok\/","title":{"rendered":"ViktV\u00e4ktarnas Recept f\u00f6r Airfryer (Tryckt Bok)"},"content":{"rendered":"<div class=\"row align-center\"  id=\"row-1908071628\">\n\n\t<div id=\"col-1883279358\" class=\"col medium-5 small-12 large-5\"  >\n\t\t\t\t<div class=\"col-inner\"  >\n\t\t\t\n\t\t\t\n<a href=\"https:\/\/thespoonchef.com\/se\/?add-to-cart=6013\" target=\"_self\" class=\"button primary is-shade box-shadow-3 box-shadow-5-hover\"  style=\"border-radius:5px;\">\n    <span>Endast Online! Finns ej i butik. Best\u00e4ll ditt exemplar nu!<\/span>\n  <\/a>\n\n\t\t<\/div>\n\t\t\t\t\t<\/div>\n\n\t\n<\/div>\n<h2 class=\"uppercase\">Krispigt, Gott &amp; H\u00e4lsosamt<\/h2>\n<h3 class=\"thin-font\">\u00c4ntligen \u00e4r den h\u00e4r! Kokboken som g\u00f6r det enkelt att \u00e4ta uts\u00f6kt mat utan att kompromissa med dina h\u00e4lsom\u00e5l. Spara tid, anv\u00e4nd minimalt med olja och njut av varje tugga.<\/h3>\n<div class=\"row align-middle\"  id=\"row-588809649\">\n\n\t<div id=\"col-364363947\" class=\"col medium-6 small-12 large-6\"  >\n\t\t\t\t<div class=\"col-inner\"  >\n\t\t\t\n\t\t\t\n<p class=\"lead\">\u00c4ntligen \u00e4r den h\u00e4r! Inte en e-bok, utan en <b>vacker, fysisk kokbok<\/b> som g\u00f6r det enkelt att \u00e4ta uts\u00f6kt mat utan att kompromissa med dina h\u00e4lsom\u00e5l.<\/p>\n<p class=\"lead\">Bl\u00e4ddra, inspireras och laga!<\/p>\n<p><span style=\"font-size: 115%;\"><strong>Din Nya Tryckta Kokbok med 70 L\u00e4ckra Air Fryer-Recept f\u00f6r ViktV\u00e4ktarnas\u00ae!<\/strong><\/span><\/p>\n<p>\u00a0<\/p>\n\t\t<\/div>\n\t\t\t\t\t<\/div>\n\n\t\n\n\t<div id=\"col-1895745303\" class=\"col medium-6 small-12 large-6\"  >\n\t\t\t\t<div class=\"col-inner\"  >\n\t\t\t\n\t\t\t\n\t<div class=\"img has-hover x md-x lg-x y md-y lg-y\" id=\"image_1939284668\">\n\t\t\t\t\t\t\t\t<div class=\"img-inner dark\" >\n\t\t\t<img loading=\"lazy\" decoding=\"async\" width=\"800\" height=\"800\" src=\"https:\/\/thespoonchef.com\/se\/wp-content\/uploads\/2025\/10\/vikt-vaktarnas-recept-for-airfryer-tryckt-bok-800x800.jpg\" class=\"attachment-large size-large\" alt=\"\" srcset=\"https:\/\/thespoonchef.com\/se\/wp-content\/uploads\/2025\/10\/vikt-vaktarnas-recept-for-airfryer-tryckt-bok-800x800.jpg 800w, https:\/\/thespoonchef.com\/se\/wp-content\/uploads\/2025\/10\/vikt-vaktarnas-recept-for-airfryer-tryckt-bok-400x400.jpg 400w, https:\/\/thespoonchef.com\/se\/wp-content\/uploads\/2025\/10\/vikt-vaktarnas-recept-for-airfryer-tryckt-bok-280x280.jpg 280w, https:\/\/thespoonchef.com\/se\/wp-content\/uploads\/2025\/10\/vikt-vaktarnas-recept-for-airfryer-tryckt-bok-768x768.jpg 768w, https:\/\/thespoonchef.com\/se\/wp-content\/uploads\/2025\/10\/vikt-vaktarnas-recept-for-airfryer-tryckt-bok-1536x1536.jpg 1536w, https:\/\/thespoonchef.com\/se\/wp-content\/uploads\/2025\/10\/vikt-vaktarnas-recept-for-airfryer-tryckt-bok-300x300.jpg 300w, https:\/\/thespoonchef.com\/se\/wp-content\/uploads\/2025\/10\/vikt-vaktarnas-recept-for-airfryer-tryckt-bok-600x600.jpg 600w, https:\/\/thespoonchef.com\/se\/wp-content\/uploads\/2025\/10\/vikt-vaktarnas-recept-for-airfryer-tryckt-bok-100x100.jpg 100w, https:\/\/thespoonchef.com\/se\/wp-content\/uploads\/2025\/10\/vikt-vaktarnas-recept-for-airfryer-tryckt-bok.jpg 1600w\" sizes=\"auto, (max-width: 800px) 100vw, 800px\" \/>\t\t\t\t\t\t\n\t\t\t\t\t<\/div>\n\t\t\t\t\t\t\t\t\n<style>\n#image_1939284668 {\n  width: 100%;\n}\n<\/style>\n\t<\/div>\n\t\n\t\t<\/div>\n\t\t\t\t\t<\/div>\n\n\t\n<\/div>\n<p><span style=\"font-size: 115%;\">\u00c4lskar du din Air Fryer men k\u00e4nner att du har fastnat i samma gamla hjulsp\u00e5r? <\/span><\/p>\n<p><span style=\"font-size: 115%;\">Tr\u00f6ttnar du p\u00e5 att scrolla efter recept p\u00e5 en kladdig telefonsk\u00e4rm medan du f\u00f6rs\u00f6ker laga mat? Vill du ha inspiration som du faktiskt kan <i>h\u00e5lla i handen<\/i>, samtidigt som du enkelt f\u00f6ljer ditt ViktV\u00e4ktarnas\u00ae-program?<\/span><\/p>\n<p><span style=\"font-size: 115%;\">D\u00e5 har vi skapat n\u00e5got speciellt f\u00f6r dig.<\/span><\/p>\n<p><span style=\"font-size: 115%;\">Vi presenterar stolt v\u00e5r nya samling med 70 av v\u00e5ra absoluta favoritrecept f\u00f6r Air Fryer \u2013 samlade i en <b>h\u00f6gkvalitativ, tryckt kokbok.<\/b> Det h\u00e4r \u00e4r boken som f\u00f6rtj\u00e4nar en permanent plats i ditt k\u00f6k.<\/span><\/p>\n<p><span style=\"font-size: 115%;\">Gl\u00f6m digitala filer och bortgl\u00f6mda bokm\u00e4rken. <\/span><\/p>\n<p><span style=\"font-size: 115%;\">Det h\u00e4r \u00e4r en riktig bok du kan bl\u00e4ddra i \u00f6ver en kopp kaffe, vika h\u00f6rn p\u00e5 vid dina favoritrecept och st\u00e4lla upp p\u00e5 k\u00f6ksb\u00e4nken som din p\u00e5litliga guide.<\/span><\/p>\n<div class=\"row align-middle\"  id=\"row-267581629\">\n\n\t<div id=\"col-126131819\" class=\"col medium-6 small-12 large-6\"  >\n\t\t\t\t<div class=\"col-inner\"  >\n\t\t\t\n\t\t\t\n<h3>Varf\u00f6r du kommer att \u00e4lska den h\u00e4r (riktiga) kokboken<\/h3>\n<ul>\n<li>\n<p><b>En Fr\u00f6jd f\u00f6r K\u00f6ket (och Magen!)<\/b> Detta \u00e4r mer \u00e4n bara en bok; det \u00e4r en upplevelse. K\u00e4nn kvaliteten p\u00e5 papperet och se de vackra bilderna som inspirerar dig att prova n\u00e5got nytt. Den \u00e4r designad f\u00f6r att anv\u00e4ndas, om och om igen.<\/p>\n<\/li>\n<li>\n<p><b>Maximal Smak, Minimal Olja<\/b> Uppt\u00e4ck hemligheten bakom den d\u00e4r oemotst\u00e5ndliga, gyllene och krispiga ytan som du \u00e4lskar. Varje recept \u00e4r optimerat f\u00f6r Air Fryer, vilket ger dig saftiga och m\u00f6ra resultat inuti, med lite eller ingen tillsatt olja.<\/p>\n<\/li>\n<li>\n<p><b>Skapad f\u00f6r Din Plan (Utan Gissningar)<\/b> Ingen mer huvudv\u00e4rk \u00f6ver ber\u00e4kningar. Varje enskilt recept \u00e4r framtaget f\u00f6r att passa din h\u00e4lsosamma livsstil och inneh\u00e5ller komplett n\u00e4ringsinformation. Det g\u00f6r det otroligt enkelt att h\u00e5lla sig till planen och \u00e4nd\u00e5 \u00e4ta mat som hela familjen \u00e4lskar.<\/p>\n<\/li>\n<li>\n<p><b>Kristallklara Instruktioner f\u00f6r Alla<\/b> Oavsett om du \u00e4r en Air Fryer-veteran eller precis har packat upp din maskin, \u00e4r den h\u00e4r boken din perfekta f\u00f6ljeslagare. Vi guidar dig med tydliga ingredienslistor och enkla steg-f\u00f6r-steg-instruktioner som garanterar ett lyckat resultat varje g\u00e5ng.<\/p>\n<\/li>\n<\/ul>\n\t\t<\/div>\n\t\t\t\t\t<\/div>\n\n\t\n\n\t<div id=\"col-562531174\" class=\"col medium-6 small-12 large-6\"  >\n\t\t\t\t<div class=\"col-inner text-center\"  >\n\t\t\t\n\t\t\t\n\t<div class=\"img has-hover x md-x lg-x y md-y lg-y\" id=\"image_1028046231\">\n\t\t\t\t\t\t\t\t<div class=\"img-inner dark\" >\n\t\t\t<img loading=\"lazy\" decoding=\"async\" width=\"622\" height=\"800\" src=\"https:\/\/thespoonchef.com\/se\/wp-content\/uploads\/2025\/10\/airfryer-ww-1-622x800.jpg\" class=\"attachment-large size-large\" alt=\"\" srcset=\"https:\/\/thespoonchef.com\/se\/wp-content\/uploads\/2025\/10\/airfryer-ww-1-622x800.jpg 622w, https:\/\/thespoonchef.com\/se\/wp-content\/uploads\/2025\/10\/airfryer-ww-1-311x400.jpg 311w, https:\/\/thespoonchef.com\/se\/wp-content\/uploads\/2025\/10\/airfryer-ww-1-768x988.jpg 768w, https:\/\/thespoonchef.com\/se\/wp-content\/uploads\/2025\/10\/airfryer-ww-1-1194x1536.jpg 1194w, https:\/\/thespoonchef.com\/se\/wp-content\/uploads\/2025\/10\/airfryer-ww-1-600x772.jpg 600w, https:\/\/thespoonchef.com\/se\/wp-content\/uploads\/2025\/10\/airfryer-ww-1.jpg 1500w\" sizes=\"auto, (max-width: 622px) 100vw, 622px\" \/>\t\t\t\t\t\t\n\t\t\t\t\t<\/div>\n\t\t\t\t\t\t\t\t\n<style>\n#image_1028046231 {\n  width: 87%;\n}\n<\/style>\n\t<\/div>\n\t\n\t\t<\/div>\n\t\t\t\t\t<\/div>\n\n\t\n<\/div>\n<div class=\"row align-middle\"  id=\"row-1645643423\">\n\n\t<div id=\"col-40122059\" class=\"col medium-6 small-12 large-6\"  >\n\t\t\t\t<div class=\"col-inner\"  >\n\t\t\t\n\t\t\t\n<h3>Vad du hittar i din nya kokbok<\/h3>\n<ul>\n<li>\n<p><b>70 Inspirerande Recept:<\/b> Allt fr\u00e5n snabba frukostar och m\u00e4ttande luncher till imponerande middagar och smarta snacks.<\/p>\n<\/li>\n<li>\n<p><b>Proffstips &amp; Tricks:<\/b> L\u00e4r dig hur du f\u00e5r ut absolut mest av din Air Fryer, oavsett modell, tillsammans med anv\u00e4ndbara r\u00e5d f\u00f6r m\u00e5ltidsplanering.<\/p>\n<\/li>\n<li>\n<p><b>En Fysisk Produkt:<\/b> En vackert tryckt bok som \u00e4r perfekt som present till dig sj\u00e4lv eller n\u00e5gon du tycker om som ocks\u00e5 \u00e4lskar sin Air Fryer.<\/p>\n<\/li>\n<\/ul>\n\t\t<\/div>\n\t\t\t\t\t<\/div>\n\n\t\n\n\t<div id=\"col-1240927639\" class=\"col medium-6 small-12 large-6\"  >\n\t\t\t\t<div class=\"col-inner text-center\"  >\n\t\t\t\n\t\t\t\n\t<div class=\"img has-hover x md-x lg-x y md-y lg-y\" id=\"image_291965087\">\n\t\t\t\t\t\t\t\t<div class=\"img-inner dark\" >\n\t\t\t<img loading=\"lazy\" decoding=\"async\" width=\"533\" height=\"800\" src=\"https:\/\/thespoonchef.com\/se\/wp-content\/uploads\/2025\/10\/meal-planning-food-arrangement-swedish-533x800.jpg\" class=\"attachment-large size-large\" alt=\"\" srcset=\"https:\/\/thespoonchef.com\/se\/wp-content\/uploads\/2025\/10\/meal-planning-food-arrangement-swedish-533x800.jpg 533w, https:\/\/thespoonchef.com\/se\/wp-content\/uploads\/2025\/10\/meal-planning-food-arrangement-swedish-267x400.jpg 267w, https:\/\/thespoonchef.com\/se\/wp-content\/uploads\/2025\/10\/meal-planning-food-arrangement-swedish-768x1152.jpg 768w, https:\/\/thespoonchef.com\/se\/wp-content\/uploads\/2025\/10\/meal-planning-food-arrangement-swedish-1024x1536.jpg 1024w, https:\/\/thespoonchef.com\/se\/wp-content\/uploads\/2025\/10\/meal-planning-food-arrangement-swedish-1365x2048.jpg 1365w, https:\/\/thespoonchef.com\/se\/wp-content\/uploads\/2025\/10\/meal-planning-food-arrangement-swedish-600x900.jpg 600w, https:\/\/thespoonchef.com\/se\/wp-content\/uploads\/2025\/10\/meal-planning-food-arrangement-swedish-scaled.jpg 1707w\" sizes=\"auto, (max-width: 533px) 100vw, 533px\" \/>\t\t\t\t\t\t\n\t\t\t\t\t<\/div>\n\t\t\t\t\t\t\t\t\n<style>\n#image_291965087 {\n  width: 70%;\n}\n<\/style>\n\t<\/div>\n\t\n\t\t<\/div>\n\t\t\t\t\t<\/div>\n\n\t\n<\/div>\n<h5 class=\"uppercase\">Din bok, direkt hem till dig.<\/h5>\n<p>F\u00f6r att ge dig b\u00e4sta m\u00f6jliga kvalitet <b>trycks din kokbok p\u00e5 best\u00e4llning<\/b> och skickas sedan direkt fr\u00e5n tryckeriet hem till din d\u00f6rr. Du kan f\u00f6rv\u00e4nta dig din leverans inom <b>5 till 9 arbetsdagar<\/b>, beroende p\u00e5 var du bor.<\/p>\n<h2>\u00c4r du redo att ta din Air Fryer-matlagning till en ny, h\u00e4lsosam och uts\u00f6kt niv\u00e5?<\/h2>\n<a href=\"https:\/\/thespoonchef.com\/se\/?add-to-cart=6013\" target=\"_self\" class=\"button primary is-shade is-large box-shadow-4 box-shadow-5-hover\"  style=\"border-radius:10px;\">\n    <span>Ja, jag vill best\u00e4lla min tryckta kokbok nu!<\/span>\n  <\/a>\n\n<p><\/center><center><\/center><br \/>\n<div class=\"container section-title-container\" style=\"margin-top:28px;\"><h3 class=\"section-title section-title-center\"><b><\/b><span class=\"section-title-main\" >Vad folk s\u00e4ger om den h\u00e4r tryckta boken<\/span><b><\/b><\/h3><\/div>\n<div class=\"row\"  id=\"row-455340939\">\n\n\t<div id=\"col-792172123\" class=\"col medium-4 small-12 large-4\"  >\n\t\t\t\t<div class=\"col-inner\"  >\n\t\t\t\n\t\t\t\n  <div class=\"icon-box testimonial-box icon-box-center text-center\">\n                <div class=\"icon-box-img testimonial-image circle\" style=\"width: 80px\">\n              <img loading=\"lazy\" decoding=\"async\" width=\"280\" height=\"280\" src=\"https:\/\/thespoonchef.com\/se\/wp-content\/uploads\/2025\/10\/avatar-icon-280x280.png\" class=\"attachment-thumbnail size-thumbnail\" alt=\"\" srcset=\"https:\/\/thespoonchef.com\/se\/wp-content\/uploads\/2025\/10\/avatar-icon-280x280.png 280w, https:\/\/thespoonchef.com\/se\/wp-content\/uploads\/2025\/10\/avatar-icon-400x400.png 400w, https:\/\/thespoonchef.com\/se\/wp-content\/uploads\/2025\/10\/avatar-icon-300x300.png 300w, https:\/\/thespoonchef.com\/se\/wp-content\/uploads\/2025\/10\/avatar-icon-100x100.png 100w, https:\/\/thespoonchef.com\/se\/wp-content\/uploads\/2025\/10\/avatar-icon.png 512w\" sizes=\"auto, (max-width: 280px) 100vw, 280px\" \/>        <\/div>\n                <div class=\"icon-box-text p-last-0\">\n          <div class=\"star-rating\"><span style=\"width:100%\"><strong class=\"rating\"><\/strong><\/span><\/div>  \t\t\t\t<div class=\"testimonial-text line-height-small italic test_text first-reset last-reset is-italic\">\n            \n<p>&#8221;Jag \u00e4r s\u00e5 tr\u00f6tt p\u00e5 e-b\u00f6cker, s\u00e5 jag blev \u00f6verlycklig n\u00e4r jag s\u00e5g att den h\u00e4r var tryckt. Den kom snabbt och k\u00e4nns j\u00e4ttefin och stabil att ha i k\u00f6ket. Recepten \u00e4r fantastiska! Enkla att f\u00f6lja och allt jag lagat hittills har blivit s\u00e5 krispigt och gott. Rekommenderas varmt!&#8221;<\/p>\n          <\/div>\n          <div class=\"testimonial-meta pt-half\">\n             <strong class=\"testimonial-name test_name\">Lova F.<\/strong>\n                          <span class=\"testimonial-company test_company\"><\/span>\n          <\/div>\n        <\/div>\n  <\/div>\n\n  \n\t\t<\/div>\n\t\t\t\t\t<\/div>\n\n\t\n\n\t<div id=\"col-1286892915\" class=\"col medium-4 small-12 large-4\"  >\n\t\t\t\t<div class=\"col-inner\"  >\n\t\t\t\n\t\t\t\n  <div class=\"icon-box testimonial-box icon-box-center text-center\">\n                <div class=\"icon-box-img testimonial-image circle\" style=\"width: 80px\">\n              <img loading=\"lazy\" decoding=\"async\" width=\"280\" height=\"280\" src=\"https:\/\/thespoonchef.com\/se\/wp-content\/uploads\/2025\/10\/avatar-icon-280x280.png\" class=\"attachment-thumbnail size-thumbnail\" alt=\"\" srcset=\"https:\/\/thespoonchef.com\/se\/wp-content\/uploads\/2025\/10\/avatar-icon-280x280.png 280w, https:\/\/thespoonchef.com\/se\/wp-content\/uploads\/2025\/10\/avatar-icon-400x400.png 400w, https:\/\/thespoonchef.com\/se\/wp-content\/uploads\/2025\/10\/avatar-icon-300x300.png 300w, https:\/\/thespoonchef.com\/se\/wp-content\/uploads\/2025\/10\/avatar-icon-100x100.png 100w, https:\/\/thespoonchef.com\/se\/wp-content\/uploads\/2025\/10\/avatar-icon.png 512w\" sizes=\"auto, (max-width: 280px) 100vw, 280px\" \/>        <\/div>\n                <div class=\"icon-box-text p-last-0\">\n          <div class=\"star-rating\"><span style=\"width:100%\"><strong class=\"rating\"><\/strong><\/span><\/div>  \t\t\t\t<div class=\"testimonial-text line-height-small italic test_text first-reset last-reset is-italic\">\n            \n<p>&#8221;S\u00e5 sk\u00f6nt att slippa kladdiga fingeravtryck p\u00e5 en sk\u00e4rm n\u00e4r man lagar mat. Den h\u00e4r fysiska boken \u00e4r precis vad jag letat efter. Den ligger perfekt uppslagen p\u00e5 k\u00f6ksb\u00e4nken och bilderna \u00e4r j\u00e4tteinspirerande. Att den dessutom \u00e4r anpassad f\u00f6r ViktV\u00e4ktarna \u00e4r ett enormt plus. Full pott!&#8221;<\/p>\n          <\/div>\n          <div class=\"testimonial-meta pt-half\">\n             <strong class=\"testimonial-name test_name\">Asta \u00c5.<\/strong>\n                          <span class=\"testimonial-company test_company\"><\/span>\n          <\/div>\n        <\/div>\n  <\/div>\n\n  \n\t\t<\/div>\n\t\t\t\t\t<\/div>\n\n\t\n\n\t<div id=\"col-2140886860\" class=\"col medium-4 small-12 large-4\"  >\n\t\t\t\t<div class=\"col-inner\"  >\n\t\t\t\n\t\t\t\n  <div class=\"icon-box testimonial-box icon-box-center text-center\">\n                <div class=\"icon-box-img testimonial-image circle\" style=\"width: 80px\">\n              <img loading=\"lazy\" decoding=\"async\" width=\"280\" height=\"280\" src=\"https:\/\/thespoonchef.com\/se\/wp-content\/uploads\/2025\/10\/avatar-icon-280x280.png\" class=\"attachment-thumbnail size-thumbnail\" alt=\"\" srcset=\"https:\/\/thespoonchef.com\/se\/wp-content\/uploads\/2025\/10\/avatar-icon-280x280.png 280w, https:\/\/thespoonchef.com\/se\/wp-content\/uploads\/2025\/10\/avatar-icon-400x400.png 400w, https:\/\/thespoonchef.com\/se\/wp-content\/uploads\/2025\/10\/avatar-icon-300x300.png 300w, https:\/\/thespoonchef.com\/se\/wp-content\/uploads\/2025\/10\/avatar-icon-100x100.png 100w, https:\/\/thespoonchef.com\/se\/wp-content\/uploads\/2025\/10\/avatar-icon.png 512w\" sizes=\"auto, (max-width: 280px) 100vw, 280px\" \/>        <\/div>\n                <div class=\"icon-box-text p-last-0\">\n          <div class=\"star-rating\"><span style=\"width:100%\"><strong class=\"rating\"><\/strong><\/span><\/div>  \t\t\t\t<div class=\"testimonial-text line-height-small italic test_text first-reset last-reset is-italic\">\n            \n<p>&#8221;Vilken kvalitet! Jag best\u00e4llde och f\u00f6rv\u00e4ntade mig kanske ett enklare h\u00e4fte, men det h\u00e4r \u00e4r en rej\u00e4l och vacker bok. Det k\u00e4nns s\u00e5 lyxigt att bl\u00e4ddra i den. Recepten \u00e4r tydliga och perfekta f\u00f6r en h\u00e4lsosam vardag. Redan hunnit testa tre r\u00e4tter och familjen \u00e4lskar dem!&#8221;<\/p>\n          <\/div>\n          <div class=\"testimonial-meta pt-half\">\n             <strong class=\"testimonial-name test_name\">Amalia E.<\/strong>\n                          <span class=\"testimonial-company test_company\"><\/span>\n          <\/div>\n        <\/div>\n  <\/div>\n\n  \n\t\t<\/div>\n\t\t\t\t\t<\/div>\n\n\t\n<\/div>\n<span style=\"color: #ed1c24;\"><strong>Friskrivning:<\/strong> <\/span>Kundrecensioner som visas p\u00e5 denna webbplats har samlats in fr\u00e5n v\u00e5r officiella Facebook-sida. \u00c5sikterna som uttrycks i dessa recensioner \u00e4r de enskilda kundernas och \u00e5terspeglar deras personliga erfarenheter.\n","protected":false},"excerpt":{"rendered":"<p><strong><span style=\"color: #50b848;\">Den ultimata guiden f\u00f6r WW\u00ae till h\u00e4lsosam matlagning med airfryer: L\u00e4ckra och n\u00e4ringsrika recept f\u00f6r hela familjen<\/span><\/strong><\/p>\n","protected":false},"featured_media":25872,"comment_status":"closed","ping_status":"closed","template":"","meta":{"_iconic_wsb_product_page_order_bump_ids":[[]],"_sku":[],"_iconic_wsb_product_page_bump_modal_ids":[[]]},"product_brand":[],"product_cat":[74],"product_tag":[],"class_list":{"0":"post-6013","1":"product","2":"type-product","3":"status-publish","4":"has-post-thumbnail","6":"product_cat-viktvaktarnas","8":"first","9":"instock","10":"sale","11":"taxable","12":"shipping-taxable","13":"purchasable","14":"product-type-simple"},"_links":{"self":[{"href":"https:\/\/thespoonchef.com\/se\/wp-json\/wp\/v2\/product\/6013","targetHints":{"allow":["GET"]}}],"collection":[{"href":"https:\/\/thespoonchef.com\/se\/wp-json\/wp\/v2\/product"}],"about":[{"href":"https:\/\/thespoonchef.com\/se\/wp-json\/wp\/v2\/types\/product"}],"replies":[{"embeddable":true,"href":"https:\/\/thespoonchef.com\/se\/wp-json\/wp\/v2\/comments?post=6013"}],"wp:featuredmedia":[{"embeddable":true,"href":"https:\/\/thespoonchef.com\/se\/wp-json\/wp\/v2\/media\/25872"}],"wp:attachment":[{"href":"https:\/\/thespoonchef.com\/se\/wp-json\/wp\/v2\/media?parent=6013"}],"wp:term":[{"taxonomy":"product_brand","embeddable":true,"href":"https:\/\/thespoonchef.com\/se\/wp-json\/wp\/v2\/product_brand?post=6013"},{"taxonomy":"product_cat","embeddable":true,"href":"https:\/\/thespoonchef.com\/se\/wp-json\/wp\/v2\/product_cat?post=6013"},{"taxonomy":"product_tag","embeddable":true,"href":"https:\/\/thespoonchef.com\/se\/wp-json\/wp\/v2\/product_tag?post=6013"}],"curies":[{"name":"wp","href":"https:\/\/api.w.org\/{rel}","templated":true}]}}