{"id":66,"date":"2015-11-17T20:25:08","date_gmt":"2015-11-17T20:25:08","guid":{"rendered":"http:\/\/localhost:8888\/flatsome-next\/?page_id=3049"},"modified":"2025-10-27T10:35:57","modified_gmt":"2025-10-27T10:35:57","slug":"boutique","status":"publish","type":"page","link":"https:\/\/thespoonchef.com\/se\/","title":{"rendered":"Viktv\u00e4ktarnas kokb\u00f6cker"},"content":{"rendered":"\n  <div class=\"banner has-hover is-full-height has-parallax\" id=\"banner-1032886787\">\n          <div class=\"banner-inner fill\">\n        <div class=\"banner-bg fill\" data-parallax=\"-4\" data-parallax-container=\".banner\" data-parallax-background>\n            <div class=\"bg fill bg-fill \"><\/div>\n                        <div class=\"overlay\"><\/div>            \n                    <\/div>\n        <div class=\"banner-layers container\">\n            <a class=\"fill\" href=\"Portfolio\"  ><div class=\"fill banner-link\"><\/div><\/a>            \n   <div id=\"text-box-1704341092\" class=\"text-box banner-layer x5 md-x5 lg-x5 y80 md-y80 lg-y80 res-text\">\n              <div data-parallax=\"-3\" data-parallax-fade=\"true\">       <div data-animate=\"fadeInUp\">           <div class=\"text-box-content text dark text-shadow-1\">\n              \n              <div class=\"text-inner text-center\">\n                  \n\t<div id=\"text-4027457688\" class=\"text\">\n\t\t\n<h1 class=\"uppercase\" style=\"text-align: left;\">Viktv\u00e4ktarnas kokb\u00f6cker<\/h1>\n<h2 class=\"uppercase\" style=\"text-align: left;\">G\u00e5 ner i vikt medan du \u00e4ter det du \u00e4lskar med v\u00e5r.<\/h2>\n\t\t\n<style>\n#text-4027457688 {\n  color: rgb(0,0,0);\n}\n#text-4027457688 > * {\n  color: rgb(0,0,0);\n}\n<\/style>\n\t<\/div>\n\t\n              <\/div>\n           <\/div>\n       <\/div>       <\/div>              \n<style>\n#text-box-1704341092 {\n  width: 100%;\n}\n#text-box-1704341092 .text-box-content {\n  font-size: 131%;\n}\n@media (min-width:550px) {\n  #text-box-1704341092 {\n    width: 59%;\n  }\n  #text-box-1704341092 .text-box-content {\n    font-size: 100%;\n  }\n}\n<\/style>\n    <\/div>\n \n        <\/div>\n      <\/div>\n\n            \n<style>\n#banner-1032886787 {\n  padding-top: 100%;\n}\n#banner-1032886787 .bg.bg-loaded {\n  background-image: url(https:\/\/thespoonchef.com\/se\/wp-content\/uploads\/2025\/10\/asian-female-cooking-kitchen-1400x788.jpg);\n}\n#banner-1032886787 .overlay {\n  background-color: rgba(255,255,255,.5);\n}\n#banner-1032886787 .bg {\n  background-position: 49% 43%;\n}\n<\/style>\n  <\/div>\n\n\n\t<div id=\"gap-1535355310\" class=\"gap-element clearfix\" style=\"display:block; height:auto;\">\n\t\t\n<style>\n#gap-1535355310 {\n  padding-top: 30px;\n}\n<\/style>\n\t<\/div>\n\t\n\t<section class=\"section\" id=\"section_647146535\">\n\t\t<div class=\"bg section-bg fill bg-fill  bg-loaded\" >\n\n\t\t\t\n\t\t\t<div class=\"section-bg-overlay absolute fill\"><\/div>\n\t\t\t\n\t<div class=\"is-border\"\n\t\tstyle=\"border-width:1px 0px 1px 0px;\">\n\t<\/div>\n\n\t\t<\/div>\n\n\t\t<div class=\"section-content relative\">\n\t\t\t\n<div class=\"container section-title-container\" ><h3 class=\"section-title section-title-center\"><b><\/b><span class=\"section-title-main\" >Skynda dig, det \u00e4r dags att ta hand om dig sj\u00e4lv<\/span><b><\/b><\/h3><\/div>\n\n  \n    <div class=\"row large-columns-4 medium-columns-3 small-columns-2 row-normal slider row-slider slider-nav-circle slider-nav-push\"  data-flickity-options='{\"imagesLoaded\": true, \"groupCells\": \"100%\", \"dragThreshold\" : 5, \"cellAlign\": \"left\",\"wrapAround\": true,\"prevNextButtons\": true,\"percentPosition\": true,\"pageDots\": true, \"rightToLeft\": false, \"autoPlay\" : false}'>\n\n  \t\n\t     \n\t\t\t\t\t\t            \t\n\t            \t<div class=\"col\" >\n\t\t\t\t\t\t<div class=\"col-inner\">\n\t\t\t\t\t\t\n<div class=\"badge-container absolute left top z-1\">\n\t\t<div class=\"callout badge badge-circle\"><div class=\"badge-inner secondary on-sale\"><span class=\"onsale\">-29%<\/span><\/div><\/div>\n<\/div>\n\t\t\t\t\t\t<div class=\"product-small box has-hover box-normal box-text-bottom\">\n\t\t\t\t\t\t\t<div class=\"box-image\" >\n\t\t\t\t\t\t\t\t<div class=\"\" >\n\t\t\t\t\t\t\t\t\t<a href=\"https:\/\/thespoonchef.com\/se\/product\/viktvaktarnas-recept-for-airfryer-tryckt-bok\/\" aria-label=\"ViktV\u00e4ktarnas Recept f\u00f6r Airfryer (Tryckt Bok)\">\n\t\t\t\t\t\t\t\t\t\t<img loading=\"lazy\" decoding=\"async\" width=\"300\" height=\"300\" src=\"https:\/\/thespoonchef.com\/se\/wp-content\/uploads\/2023\/02\/ViktVaktarnas-Recept-for-Airfryer-lul-1-300x300.jpg\" class=\"attachment-woocommerce_thumbnail size-woocommerce_thumbnail\" alt=\"ViktV\u00e4ktarnas Recept f\u00f6r Airfryer (Tryckt Bok)\" srcset=\"https:\/\/thespoonchef.com\/se\/wp-content\/uploads\/2023\/02\/ViktVaktarnas-Recept-for-Airfryer-lul-1-300x300.jpg 300w, https:\/\/thespoonchef.com\/se\/wp-content\/uploads\/2023\/02\/ViktVaktarnas-Recept-for-Airfryer-lul-1-400x400.jpg 400w, https:\/\/thespoonchef.com\/se\/wp-content\/uploads\/2023\/02\/ViktVaktarnas-Recept-for-Airfryer-lul-1-800x800.jpg 800w, https:\/\/thespoonchef.com\/se\/wp-content\/uploads\/2023\/02\/ViktVaktarnas-Recept-for-Airfryer-lul-1-280x280.jpg 280w, https:\/\/thespoonchef.com\/se\/wp-content\/uploads\/2023\/02\/ViktVaktarnas-Recept-for-Airfryer-lul-1-768x768.jpg 768w, https:\/\/thespoonchef.com\/se\/wp-content\/uploads\/2023\/02\/ViktVaktarnas-Recept-for-Airfryer-lul-1-600x600.jpg 600w, https:\/\/thespoonchef.com\/se\/wp-content\/uploads\/2023\/02\/ViktVaktarnas-Recept-for-Airfryer-lul-1-100x100.jpg 100w, https:\/\/thespoonchef.com\/se\/wp-content\/uploads\/2023\/02\/ViktVaktarnas-Recept-for-Airfryer-lul-1.jpg 1500w\" sizes=\"auto, (max-width: 300px) 100vw, 300px\" \/>\t\t\t\t\t\t\t\t\t<\/a>\n\t\t\t\t\t\t\t\t\t\t\t\t\t\t\t\t\t\t \t\t\t\t\t\t\t\t<\/div>\n\t\t\t\t\t\t\t\t<div class=\"image-tools top right show-on-hover\">\n\t\t\t\t\t\t\t\t\t\t\t\t\t\t\t\t\t<\/div>\n\t\t\t\t\t\t\t\t\t\t\t\t\t\t\t\t\t<div class=\"image-tools grid-tools text-center hide-for-small bottom hover-slide-in show-on-hover\">\n\t\t\t\t\t\t\t\t\t\t\t\t\t\t\t\t\t\t\t<\/div>\n\t\t\t\t\t\t\t\t\t\t\t\t\t\t\t\t\t\t\t\t\t\t\t<\/div>\n\n\t\t\t\t\t\t\t<div class=\"box-text text-center\" >\n\t\t\t\t\t\t\t\t<div class=\"title-wrapper\"><p class=\"name product-title woocommerce-loop-product__title\"><a href=\"https:\/\/thespoonchef.com\/se\/product\/viktvaktarnas-recept-for-airfryer-tryckt-bok\/\" class=\"woocommerce-LoopProduct-link woocommerce-loop-product__link\">ViktV\u00e4ktarnas Recept f\u00f6r Airfryer (Tryckt Bok)<\/a><\/p><\/div><div class=\"price-wrapper\">\n\t<span class=\"price\"><del aria-hidden=\"true\"><span class=\"woocommerce-Price-amount amount\"><bdi>490.90<span class=\"woocommerce-Price-currencySymbol\">&#107;&#114;<\/span><\/bdi><\/span><\/del> <span class=\"screen-reader-text\">Det ursprungliga priset var: 490.90&#107;&#114;.<\/span><ins aria-hidden=\"true\"><span class=\"woocommerce-Price-amount amount\"><bdi>349.00<span class=\"woocommerce-Price-currencySymbol\">&#107;&#114;<\/span><\/bdi><\/span><\/ins><span class=\"screen-reader-text\">Det nuvarande priset \u00e4r: 349.00&#107;&#114;.<\/span><\/span>\n<\/div><div class=\"add-to-cart-button\"><a href=\"\/se\/wp-json\/wp\/v2\/pages\/66?add-to-cart=6013\" aria-describedby=\"woocommerce_loop_add_to_cart_link_describedby_6013\" data-quantity=\"1\" class=\"primary is-small mb-0 button product_type_simple add_to_cart_button ajax_add_to_cart is-flat\" data-product_id=\"6013\" data-product_sku=\"\" aria-label=\"L\u00e4gg till i varukorgen: \u201dViktV\u00e4ktarnas Recept f\u00f6r Airfryer (Tryckt Bok)\u201d\" rel=\"nofollow\" data-success_message=\"&quot;ViktV\u00e4ktarnas Recept f\u00f6r Airfryer (Tryckt Bok)&quot; har lagts till i din varukorg\" data-show_after_cart_modal=\"6013\">L\u00e4gg till i varukorg<\/a><\/div>\t<span id=\"woocommerce_loop_add_to_cart_link_describedby_6013\" class=\"screen-reader-text\">\n\t\t\t<\/span>\n\t\t\t\t\t\t\t<\/div>\n\t\t\t\t\t\t<\/div>\n\t\t\t\t\t\t<\/div>\n\t\t\t\t\t<\/div>\n\t\t\t\t\t\t            \n\t\t\t\t\t\t            \t\n\t            \t<div class=\"col\" >\n\t\t\t\t\t\t<div class=\"col-inner\">\n\t\t\t\t\t\t\n<div class=\"badge-container absolute left top z-1\">\n\t\t<div class=\"callout badge badge-circle\"><div class=\"badge-inner secondary on-sale\"><span class=\"onsale\">-29%<\/span><\/div><\/div>\n<\/div>\n\t\t\t\t\t\t<div class=\"product-small box has-hover box-normal box-text-bottom\">\n\t\t\t\t\t\t\t<div class=\"box-image\" >\n\t\t\t\t\t\t\t\t<div class=\"\" >\n\t\t\t\t\t\t\t\t\t<a href=\"https:\/\/thespoonchef.com\/se\/product\/svensk-husmanskost-protein-airfryer-edition\/\" aria-label=\"Svensk Husmanskost \u2013 Protein &amp; Airfryer Edition (Tryckt Bok)\">\n\t\t\t\t\t\t\t\t\t\t<img loading=\"lazy\" decoding=\"async\" width=\"300\" height=\"300\" src=\"https:\/\/thespoonchef.com\/se\/wp-content\/uploads\/2026\/04\/Svensk-Husmanskost-\u2013-Protein-Airfryer-Edition-300x300.jpg\" class=\"attachment-woocommerce_thumbnail size-woocommerce_thumbnail\" alt=\"Svensk Husmanskost \u2013 Protein &amp; Airfryer Edition\" srcset=\"https:\/\/thespoonchef.com\/se\/wp-content\/uploads\/2026\/04\/Svensk-Husmanskost-\u2013-Protein-Airfryer-Edition-300x300.jpg 300w, https:\/\/thespoonchef.com\/se\/wp-content\/uploads\/2026\/04\/Svensk-Husmanskost-\u2013-Protein-Airfryer-Edition-400x400.jpg 400w, https:\/\/thespoonchef.com\/se\/wp-content\/uploads\/2026\/04\/Svensk-Husmanskost-\u2013-Protein-Airfryer-Edition-800x800.jpg 800w, https:\/\/thespoonchef.com\/se\/wp-content\/uploads\/2026\/04\/Svensk-Husmanskost-\u2013-Protein-Airfryer-Edition-280x280.jpg 280w, https:\/\/thespoonchef.com\/se\/wp-content\/uploads\/2026\/04\/Svensk-Husmanskost-\u2013-Protein-Airfryer-Edition-768x768.jpg 768w, https:\/\/thespoonchef.com\/se\/wp-content\/uploads\/2026\/04\/Svensk-Husmanskost-\u2013-Protein-Airfryer-Edition-600x600.jpg 600w, https:\/\/thespoonchef.com\/se\/wp-content\/uploads\/2026\/04\/Svensk-Husmanskost-\u2013-Protein-Airfryer-Edition-100x100.jpg 100w, https:\/\/thespoonchef.com\/se\/wp-content\/uploads\/2026\/04\/Svensk-Husmanskost-\u2013-Protein-Airfryer-Edition.jpg 1321w\" sizes=\"auto, (max-width: 300px) 100vw, 300px\" \/>\t\t\t\t\t\t\t\t\t<\/a>\n\t\t\t\t\t\t\t\t\t\t\t\t\t\t\t\t\t\t \t\t\t\t\t\t\t\t<\/div>\n\t\t\t\t\t\t\t\t<div class=\"image-tools top right show-on-hover\">\n\t\t\t\t\t\t\t\t\t\t\t\t\t\t\t\t\t<\/div>\n\t\t\t\t\t\t\t\t\t\t\t\t\t\t\t\t\t<div class=\"image-tools grid-tools text-center hide-for-small bottom hover-slide-in show-on-hover\">\n\t\t\t\t\t\t\t\t\t\t\t\t\t\t\t\t\t\t\t<\/div>\n\t\t\t\t\t\t\t\t\t\t\t\t\t\t\t\t\t\t\t\t\t\t\t<\/div>\n\n\t\t\t\t\t\t\t<div class=\"box-text text-center\" >\n\t\t\t\t\t\t\t\t<div class=\"title-wrapper\"><p class=\"name product-title woocommerce-loop-product__title\"><a href=\"https:\/\/thespoonchef.com\/se\/product\/svensk-husmanskost-protein-airfryer-edition\/\" class=\"woocommerce-LoopProduct-link woocommerce-loop-product__link\">Svensk Husmanskost \u2013 Protein &#038; Airfryer Edition (Tryckt Bok)<\/a><\/p><\/div><div class=\"price-wrapper\">\n\t<span class=\"price\"><del aria-hidden=\"true\"><span class=\"woocommerce-Price-amount amount\"><bdi>490.90<span class=\"woocommerce-Price-currencySymbol\">&#107;&#114;<\/span><\/bdi><\/span><\/del> <span class=\"screen-reader-text\">Det ursprungliga priset var: 490.90&#107;&#114;.<\/span><ins aria-hidden=\"true\"><span class=\"woocommerce-Price-amount amount\"><bdi>349.00<span class=\"woocommerce-Price-currencySymbol\">&#107;&#114;<\/span><\/bdi><\/span><\/ins><span class=\"screen-reader-text\">Det nuvarande priset \u00e4r: 349.00&#107;&#114;.<\/span><\/span>\n<\/div><div class=\"add-to-cart-button\"><a href=\"\/se\/wp-json\/wp\/v2\/pages\/66?add-to-cart=25892\" aria-describedby=\"woocommerce_loop_add_to_cart_link_describedby_25892\" data-quantity=\"1\" class=\"primary is-small mb-0 button product_type_simple add_to_cart_button ajax_add_to_cart is-flat\" data-product_id=\"25892\" data-product_sku=\"\" aria-label=\"L\u00e4gg till i varukorgen: \u201dSvensk Husmanskost \u2013 Protein &amp; Airfryer Edition (Tryckt Bok)\u201d\" rel=\"nofollow\" data-success_message=\"&quot;Svensk Husmanskost \u2013 Protein &amp; Airfryer Edition (Tryckt Bok)&quot; har lagts till i din varukorg\" data-show_after_cart_modal=\"25892\">L\u00e4gg till i varukorg<\/a><\/div>\t<span id=\"woocommerce_loop_add_to_cart_link_describedby_25892\" class=\"screen-reader-text\">\n\t\t\t<\/span>\n\t\t\t\t\t\t\t<\/div>\n\t\t\t\t\t\t<\/div>\n\t\t\t\t\t\t<\/div>\n\t\t\t\t\t<\/div>\n\t\t\t\t\t\t            \t        <\/div>\n\t\t<\/div>\n\n\t\t\n<style>\n#section_647146535 {\n  padding-top: 60px;\n  padding-bottom: 60px;\n  background-color: rgb(207, 207, 207);\n}\n#section_647146535 .section-bg-overlay {\n  background-color: rgba(255, 255, 255, 0.85);\n}\n<\/style>\n\t<\/section>\n\t\n\t<div id=\"gap-38741415\" class=\"gap-element clearfix\" style=\"display:block; height:auto;\">\n\t\t\n<style>\n#gap-38741415 {\n  padding-top: 30px;\n}\n<\/style>\n\t<\/div>\n\t\n\t<div id=\"gap-803621197\" class=\"gap-element clearfix\" style=\"display:block; height:auto;\">\n\t\t\n<style>\n#gap-803621197 {\n  padding-top: 30px;\n}\n<\/style>\n\t<\/div>\n\t\n","protected":false},"excerpt":{"rendered":"","protected":false},"author":1,"featured_media":15,"parent":0,"menu_order":3,"comment_status":"closed","ping_status":"closed","template":"page-transparent-header-light.php","meta":{"footnotes":""},"class_list":["post-66","page","type-page","status-publish","has-post-thumbnail","hentry"],"_links":{"self":[{"href":"https:\/\/thespoonchef.com\/se\/wp-json\/wp\/v2\/pages\/66","targetHints":{"allow":["GET"]}}],"collection":[{"href":"https:\/\/thespoonchef.com\/se\/wp-json\/wp\/v2\/pages"}],"about":[{"href":"https:\/\/thespoonchef.com\/se\/wp-json\/wp\/v2\/types\/page"}],"author":[{"embeddable":true,"href":"https:\/\/thespoonchef.com\/se\/wp-json\/wp\/v2\/users\/1"}],"replies":[{"embeddable":true,"href":"https:\/\/thespoonchef.com\/se\/wp-json\/wp\/v2\/comments?post=66"}],"version-history":[{"count":25,"href":"https:\/\/thespoonchef.com\/se\/wp-json\/wp\/v2\/pages\/66\/revisions"}],"predecessor-version":[{"id":25825,"href":"https:\/\/thespoonchef.com\/se\/wp-json\/wp\/v2\/pages\/66\/revisions\/25825"}],"wp:featuredmedia":[{"embeddable":true,"href":"https:\/\/thespoonchef.com\/se\/wp-json\/wp\/v2\/media\/15"}],"wp:attachment":[{"href":"https:\/\/thespoonchef.com\/se\/wp-json\/wp\/v2\/media?parent=66"}],"curies":[{"name":"wp","href":"https:\/\/api.w.org\/{rel}","templated":true}]}}