{"id":288,"date":"2021-08-11T20:19:45","date_gmt":"2021-08-11T20:19:45","guid":{"rendered":"https:\/\/thespoonchef.com\/se\/?page_id=288"},"modified":"2025-11-07T15:07:11","modified_gmt":"2025-11-07T15:07:11","slug":"conditions-generales-de-vente","status":"publish","type":"page","link":"https:\/\/thespoonchef.com\/se\/conditions-generales-de-vente\/","title":{"rendered":"F\u00f6rs\u00e4ljningsvillkor"},"content":{"rendered":"<p>&nbsp;<\/p>\n<p><main><\/main>&nbsp;<\/p>\n<header>\n<h1 style=\"text-align: center;\"><span dir=\"auto\" style=\"vertical-align: inherit;\"><span dir=\"auto\" style=\"vertical-align: inherit;\">F\u00f6rs\u00e4ljningsvillkor<\/span><\/span><\/h1>\n<p class=\"muted\"><span dir=\"auto\" style=\"vertical-align: inherit;\"><span dir=\"auto\" style=\"vertical-align: inherit;\">Senast uppdaterad: 20 oktober 2025<\/span><\/span><\/p>\n<\/header>\n<p><!-- 1 --><\/p>\n<section id=\"purpose\">\n<h2><span dir=\"auto\" style=\"vertical-align: inherit;\"><span dir=\"auto\" style=\"vertical-align: inherit;\">1. Syfte<\/span><\/span><\/h2>\n<p><span dir=\"auto\" style=\"vertical-align: inherit;\"><span dir=\"auto\" style=\"vertical-align: inherit;\">Dessa villkor g\u00e4ller f\u00f6r de produkter som erbjuds via <\/span><\/span><strong><span dir=\"auto\" style=\"vertical-align: inherit;\"><span dir=\"auto\" style=\"vertical-align: inherit;\">The Spoon Chef SE:s <\/span><\/span><\/strong><span dir=\"auto\" style=\"vertical-align: inherit;\"><span dir=\"auto\" style=\"vertical-align: inherit;\">webbplats, <\/span><\/span><br \/>\n<span dir=\"auto\" style=\"vertical-align: inherit;\"><span dir=\"auto\" style=\"vertical-align: inherit;\">som drivs av <\/span><\/span><strong><span dir=\"auto\" style=\"vertical-align: inherit;\"><span dir=\"auto\" style=\"vertical-align: inherit;\">The Spoon Kock<\/span><\/span><\/strong><span dir=\"auto\" style=\"vertical-align: inherit;\"><span dir=\"auto\" style=\"vertical-align: inherit;\">\u00a0<\/span><\/span><br \/>\n<span dir=\"auto\" style=\"vertical-align: inherit;\"><span dir=\"auto\" style=\"vertical-align: inherit;\">med kontor p\u00e5 <\/span><\/span><strong><span dir=\"auto\" style=\"vertical-align: inherit;\"><span dir=\"auto\" style=\"vertical-align: inherit;\">71-75 Shelton Street, London, Storbritannien<\/span><\/span><\/strong><span dir=\"auto\" style=\"vertical-align: inherit;\"><span dir=\"auto\" style=\"vertical-align: inherit;\">.<\/span><\/span><\/p>\n<p><span dir=\"auto\" style=\"vertical-align: inherit;\"><span dir=\"auto\" style=\"vertical-align: inherit;\">Termerna &#8221;vi&#8221;, &#8221;oss&#8221;, &#8221;v\u00e5r&#8221; och &#8221;The Spoon Chef Books&#8221; h\u00e4nvisa till varum\u00e4rket och dess webbplats. <\/span><\/span><br \/>\n<span dir=\"auto\" style=\"vertical-align: inherit;\"><span dir=\"auto\" style=\"vertical-align: inherit;\">Termen &#8221;du&#8221; h\u00e4nvisar till kunden som bes\u00f6ker eller anv\u00e4nder webbplatsen.<\/span><\/span><\/p>\n<\/section>\n<p><!-- 2 --><\/p>\n<section id=\"store-activity\">\n<h2><span dir=\"auto\" style=\"vertical-align: inherit;\"><span dir=\"auto\" style=\"vertical-align: inherit;\">2. Butiksaktivitet<\/span><\/span><\/h2>\n<p><span dir=\"auto\" style=\"vertical-align: inherit;\"><span dir=\"auto\" style=\"vertical-align: inherit;\">Onlinef\u00f6rs\u00e4ljning av <\/span><\/span><strong><span dir=\"auto\" style=\"vertical-align: inherit;\"><span dir=\"auto\" style=\"vertical-align: inherit;\">tryckta kokb\u00f6cker<\/span><\/span><\/strong><span dir=\"auto\" style=\"vertical-align: inherit;\"><span dir=\"auto\" style=\"vertical-align: inherit;\"> levererade direkt till kundens d\u00f6rr. Alla b\u00f6cker trycks p\u00e5 best\u00e4llning <\/span><\/span><br \/>\n<span dir=\"auto\" style=\"vertical-align: inherit;\"><span dir=\"auto\" style=\"vertical-align: inherit;\">och skickas inom <\/span><\/span><strong><span dir=\"auto\" style=\"vertical-align: inherit;\"><span dir=\"auto\" style=\"vertical-align: inherit;\">5\u20139 arbetsdagar<\/span><\/span><\/strong><span dir=\"auto\" style=\"vertical-align: inherit;\"><span dir=\"auto\" style=\"vertical-align: inherit;\"> , beroende p\u00e5 leveransadressen.<\/span><\/span><\/p>\n<p class=\"note\"><span dir=\"auto\" style=\"vertical-align: inherit;\"><span dir=\"auto\" style=\"vertical-align: inherit;\">Observera: Produkter levereras inom <\/span><\/span><strong><span dir=\"auto\" style=\"vertical-align: inherit;\"><span dir=\"auto\" style=\"vertical-align: inherit;\">tryckt<\/span><\/span><\/strong><span dir=\"auto\" style=\"vertical-align: inherit;\"><span dir=\"auto\" style=\"vertical-align: inherit;\">format. Digitalt inneh\u00e5ll ing\u00e5r inte om inte annat uttryckligen anges p\u00e5 produktsidan.<\/span><\/span><\/p>\n<\/section>\n<p><!-- 3 --><\/p>\n<section id=\"shipping\">\n<h2><span dir=\"auto\" style=\"vertical-align: inherit;\"><span dir=\"auto\" style=\"vertical-align: inherit;\">3. Frakt och leverans<\/span><\/span><\/h2>\n<ul>\n<li><span dir=\"auto\" style=\"vertical-align: inherit;\"><span dir=\"auto\" style=\"vertical-align: inherit;\">Ordrar behandlas automatiskt efter att betalning mottagits.<\/span><\/span><\/li>\n<li><span dir=\"auto\" style=\"vertical-align: inherit;\"><span dir=\"auto\" style=\"vertical-align: inherit;\">Leverans sker via sp\u00e5rbara frakttj\u00e4nster; Sp\u00e5rningsinformation skickas via e-post n\u00e4r best\u00e4llningen har skickats.<\/span><\/span><\/li>\n<li><span dir=\"auto\" style=\"vertical-align: inherit;\"><span dir=\"auto\" style=\"vertical-align: inherit;\">Ber\u00e4knad leveranstid \u00e4r vanligtvis <\/span><\/span><strong><span dir=\"auto\" style=\"vertical-align: inherit;\"><span dir=\"auto\" style=\"vertical-align: inherit;\">5\u20139 arbetsdagar<\/span><\/span><\/strong><span dir=\"auto\" style=\"vertical-align: inherit;\"><span dir=\"auto\" style=\"vertical-align: inherit;\"> (beroende p\u00e5 plats och transport\u00f6r).<\/span><\/span><\/li>\n<li><span dir=\"auto\" style=\"vertical-align: inherit;\"><span dir=\"auto\" style=\"vertical-align: inherit;\"cal-align: inherit;\">Risk\u00f6verf\u00f6ring: Risken f\u00f6r varorna \u00f6verg\u00e5r till kunden vid leverans enligt transport\u00f6rens leveransintyg.<\/span><\/span><\/li>\n<\/ul>\n<\/section>\n<p><!-- 4 --><\/p>\n<section id=\"order\">\n<h2><span dir=\"auto\" style=\"vertical-align: inherit;\"><span dir=\"auto\" style=\"vertical-align: inherit;\">4. Godk\u00e4nnande och validering av din best\u00e4llning<\/span><\/span><\/h2>\n<ul>\n<li><span dir=\"auto\" style=\"vertical-align: inherit;\"><span dir=\"auto\" style=\"vertical-align: inherit;\">Best\u00e4llningar g\u00f6rs endast online via v\u00e5r webbplats: <\/span><\/span><br \/>\n<a href=\"https:\/\/thespoonchef.com\/se\/\" rel=\"noopener\"><span dir=\"auto\" style=\"vertical-align: inherit;\"><span dir=\"auto\" style=\"vertical-align: inherit;\">https:\/\/thespoonchef.com\/se\/<\/span><\/span><\/a><span dir=\"auto\" style=\"vertical-align: inherit;\"><span dir=\"auto\" style=\"vertical-align: inherit;\"> .<\/span><\/span><\/li>\n<li><span dir=\"auto\" style=\"vertical-align: inherit;\"><span dir=\"auto\" style=\"vertical-align: inherit;\">Best\u00e4llningen beaktas och behandlas vid mottagen betalning via <\/span><\/span><strong><span dir=\"auto\" style=\"vertical-align: inherit;\"><span dir=\"auto\" style=\"vertical-align: inherit;\">kort, PayPal eller Klarna<\/span><\/span><\/strong><span dir=\"auto\" style=\"vertical-align: inherit;\"><span dir=\"auto\" style=\"vertical-align: inherit;\"> .<\/span><\/span><\/li>\n<li><span dir=\"auto\" style=\"vertical-align: inherit;\"><span dir=\"auto\" style=\"vertical-align: inherit;\">N\u00e4r betalningen har bekr\u00e4ftats f\u00e5r du en <\/span><\/span><strong><span dir=\"auto\" style=\"vertical-align: inherit;\"><span dir=\"auto\" style=\"vertical-align: inherit;\">orderbekr\u00e4ftelse via e-post<\/span><\/span><\/strong><span dir=\"auto\" style=\"vertical-align: inherit;\"><span dir=\"auto\" style=\"vertical-align: inherit;\">. N\u00e4r din best\u00e4llning skickas f\u00e5r du en separat leveransbekr\u00e4ftelse och sp\u00e5rningsl\u00e4nk.<\/span><\/span><\/li>\n<li><span dir=\"auto\" style=\"vertical-align: inherit;\"><span dir=\"auto\" style=\"vertical-align: inherit;\">Varje orderbekr\u00e4ftelse inneb\u00e4r <\/span><\/span><strong><span dir=\"auto\" style=\"vertical-align: inherit;\"><span dir=\"auto\" style=\"vertical-align: inherit;\">fullst\u00e4ndig acceptans<\/span><\/span><\/strong><span dir=\"auto\" style=\"vertical-align: inherit;\"><span dir=\"auto\" style=\"vertical-align: inherit;\"> av dessa f\u00f6rs\u00e4ljningsvillkor, utan undantag.<\/span><\/span><\/li>\n<li><strong><span dir=\"auto\" style=\"vertical-align: inherit;\"><span dir=\"auto\" style=\"vertical-align: inherit;\">Bevis p\u00e5 transaktion:<\/span><\/span><\/strong><span dir=\"auto\" style=\"vertical-align: inherit;\"><span dir=\"auto\" style=\"vertical-align: inherit;\">All information som l\u00e4mnas i samband med best\u00e4llningen och den registrerade bekr\u00e4ftelsen fungerar som bevis p\u00e5 transaktionen.<\/span><\/span><\/li>\n<li><span dir=\"auto\" style=\"vertical-align: inherit;\"><span dir=\"auto\" style=\"vertical-align: inherit;\">Du bekr\u00e4ftar att du har l\u00e4st och f\u00f6rst\u00e5tt villkoren innan du genomf\u00f6r k\u00f6pet.<\/span><\/span><\/li>\n<li><span dir=\"auto\" style=\"vertical-align: inherit;\"><span dir=\"auto\" style=\"vertical-align: inherit;\">Orderbekr\u00e4ftelsen anses utg\u00f6ra ett avtal mellan parterna och bekr\u00e4ftar de \u00e5tg\u00e4rder som vidtagits.<\/span><\/span><\/li>\n<li><span dir=\"auto\" style=\"vertical-align: inherit;\"><span dir=\"auto\" style=\"vertical-align: inherit;\">En sammanfattning av informationen om din best\u00e4llning skickas till den e-postadress du angett.<\/span><\/span><\/li>\n<\/ul>\n<\/section>\n<p><!-- 5 --><\/p>\n<section id=\"prices\">\n<h2><span dir=\"auto\" style=\"vertical-align: inherit;\"><span dir=\"auto\" style=\"vertical-align: inherit;\">5. Priser<\/span><\/span><\/h2>\n<p><span dir=\"auto\" style=\"vertical-align: inherit;\"><span dir=\"auto\" style=\"vertical-align: inherit;\">Priserna \u00e4r i <\/span><\/span><strong><span dir=\"auto\" style=\"vertical-align: inherit;\"><span dir=\"auto\" style=\"vertical-align: inherit;\">SEK<\/span><\/span><\/strong><span dir=\"auto\" style=\"vertical-align: inherit;\"><span dir=\"auto\" style=\"vertical-align: inherit;\"> och inkluderar till\u00e4mpliga skatter. Priserna som g\u00e4ller \u00e4r de som visas vid <\/span><\/span><br \/>\n<span dir=\"auto\" style=\"vertical-align: inherit;\"><span dir=\"auto\" style=\"vertical-align: inherit;\">best\u00e4llningstillf\u00e4llet.<\/span><\/span><\/p>\n<\/section>\n<p><!-- 6 --><\/p>\n<section id=\"payments\">\n<h2><span dir=\"auto\" style=\"vertical-align: inherit;\"><span dir=\"auto\" style=\"vertical-align: inherit;\">6. Betalningsmetoder<\/span><\/span><\/h2>\n<p><span dir=\"auto\" style=\"vertical-align: inherit;\"><span dir=\"auto\" style=\"vertical-align: inherit;\">Vi accepterar betalningar via <\/span><\/span><strong><span dir=\"auto\" style=\"vertical-align: inherit;\"><span dir=\"auto\" style=\"vertical-align: inherit;\">kredit-\/betalkort, PayPal och Klarna<\/span><\/span><\/strong><span dir=\"auto\" style=\"vertical-align: inherit;\"><span dir=\"auto\" style=\"vertical-align: inherit;\"> . <\/span><\/span><br \/>\n<span dir=\"auto\" style=\"vertical-align: inherit;\"><span dir=\"auto\" style=\"vertical-align: inherit;\">Vid betalning med Klarna g\u00e4ller Klarnas egna villkor; l\u00e4s mer p\u00e5 <\/span><\/span><br \/>\n<a href=\"https:\/\/www.klarna.com\/se\" rel=\"noopener\" target=\"_blank\"><span dir=\"auto\" style=\"vertical-align: inherit;\"><span dir=\"auto\" style=\"vertical-align: inherit;\">www.klarna.com\/se<\/span><\/span><\/a><span dir=\"auto\" style=\"vertical-align: inherit;\"><span dir=\"auto\" style=\"vertical-align: inherit;\"> .<\/span><\/span><\/p>\n<div class=\"box\">\n<p class=\"note\"><strong><span dir=\"auto\" style=\"vertical-align: inherit;\"><span dir=\"auto\" style=\"vertical-align: inherit;\">Observera:<\/span><\/span><\/strong><span dir=\"auto\" style=\"vertical-align: inherit;\"><span dir=\"auto\" style=\"vertical-align: inherit;\"> N\u00e4r vi marknadsf\u00f6r och presenterar Klarna p\u00e5 webbplatsen anv\u00e4nder vi <\/span><\/span><br \/>\n<span dir=\"auto\" style=\"vertical-align: inherit;\"><span dir=\"auto\" style=\"vertical-align: inherit;\">Klarnas f\u00f6rhandsgodk\u00e4nda material och namn i enlighet med deras riktlinjer.<\/span><\/span><\/p>\n<\/div>\n<\/section>\n<p><!-- 7 --><\/p>\n<section id=\"withdrawal\">\n<h2><span dir=\"auto\" style=\"vertical-align: inherit;\"><span dir=\"auto\" style=\"vertical-align: inherit;\">7. \u00c5ngerr\u00e4tt och \u00e5terbetalning<\/span><\/span><\/h2>\n<p><span dir=\"auto\" style=\"vertical-align: inherit;\"><span dir=\"auto\" style=\"vertical-align: inherit;\">I enlighet med EU:s konsumentskyddslagstiftning har du som kund r\u00e4tt att <\/span><\/span><strong><span dir=\"auto\" style=\"vertical-align: inherit;\"><span dir=\"auto\" style=\"vertical-align: inherit;\">avbryta ditt k\u00f6p inom 14 dagar<\/span><\/span><\/strong><br \/>\n<span dir=\"auto\" style=\"vertical-align: inherit;\"><span dir=\"auto\" style=\"vertical-align: inherit;\">efter att du mottagit varorna.<\/span><\/span><\/p>\n<ul>\n<li><span dir=\"auto\" style=\"vertical-align: inherit;\"><span dir=\"auto\" style=\"vertical-align: inherit;\">F\u00f6r att ut\u00f6va din \u00e5ngerr\u00e4tt: kontakta oss p\u00e5 <\/span><\/span><br \/>\n<a href=\"mailto:support@thespoonchef.com\"><span dir=\"auto\" style=\"vertical-align: inherit;\"><span dir=\"auto\" style=\"vertical-align: inherit;\">support@thespoonchef.com<\/span><\/span><\/a><span dir=\"auto\" style=\"vertical-align: inherit;\"><span dir=\"auto\" style=\"vertical-align: inherit;\"> inom 14 dagar och ange ditt ordernummer.<\/span><\/span><\/li>\n<li><span dir=\"auto\" style=\"vertical-align: inherit;\"><span dir=\"auto\" style=\"vertical-align: inherit;\">Produkten m\u00e5ste returneras i oanv\u00e4nt och s\u00e4ljbart skick (inklusive eventuell o\u00f6ppnad f\u00f6rpackning).<\/span><\/span><\/li>\n<li><span dir=\"auto\" style=\"vertical-align: inherit;\"><span dir=\"auto\" style=\"vertical-align: inherit;\">N\u00e4r returen har mottagits och godk\u00e4nts \u00e5terbetalas beloppet via samma betalningsmetod som anv\u00e4ndes f\u00f6r k\u00f6p.<\/span><\/span><\/li>\n<li><span dir=\"auto\" style=\"vertical-align: inherit;\"><span dir=\"auto\" style=\"vertical-align: inherit;\">Leveranskostnader \u00e5terbetalas normalt inte. Kunden ansvarar f\u00f6r returfrakten om inte varan \u00e4r defekt eller skadad.<\/span><\/span><\/li>\n<li><span dir=\"auto\" style=\"vertical-align: inherit;\"><span dir=\"auto\" style=\"vertical-align: inherit;\">Om produkten anl\u00e4nder skadad eller defekt, v\u00e4nligen kontakta oss omedelbart med ordernummer och bilder s\u00e5 hj\u00e4lper vi dig.<\/span><\/span><\/li>\n<\/ul>\n<\/section>\n<p><!-- 8 --><\/p>\n<section id=\"personal-data\">\n<h2><span dir=\"auto\" style=\"vertical-align: inherit;\"><span dir=\"auto\" style=\"vertical-align: inherit;\">8. Personuppgifter<\/span><\/span><\/h2>\n<p><span dir=\"auto\" style=\"vertical-align: inherit;\"><span dir=\"auto\" style=\"vertical-align: inherit;\">The Spoon Chef samlar in och behandlar personuppgifter i enlighet med<\/span><\/span><strong><span dir=\"auto\" style=\"vertical-align: inherit;\"><span dir=\"auto\" style=\"vertical-align: inherit;\">GDPR<\/span><\/span><\/strong><span dir=\"auto\" style=\"vertical-align: inherit;\"><span dir=\"auto\" style=\"vertical-align: inherit;\">f\u00f6r att hantera<\/span><\/span><br \/>\n<span dir=\"auto\" style=\"vertical-align: inherit;\"><span dir=\"auto\" style=\"vertical-align: inherit;\">best\u00e4llningar, betalningar, leveranser och kundtj\u00e4nst, samt, med samtycke, relevanta erbjudanden. <\/span><\/span><br \/>\n<span dir=\"auto\" style=\"vertical-align: inherit;\"><span dir=\"auto\" style=\"vertical-align: inherit;\">Data kan delas med betrodda leverant\u00f6rer (t.ex. betalnings- och logistikpartners) f\u00f6r att fullg\u00f6ra k\u00f6peavtalet. <\/span><\/span><br \/>\n<span dir=\"auto\" style=\"vertical-align: inherit;\"><span dir=\"auto\" style=\"vertical-align: inherit;\">F\u00f6r mer information, se v\u00e5r <\/span><\/span><a href=\"\/integritetspolicy\" rel=\"noopener\"><span dir=\"auto\" style=\"vertical-align: inherit;\"><span dir=\"auto\" style=\"vertical-align: inherit;\">Integritetspolicy<\/span><\/span><\/a><span dir=\"auto\" style=\"vertical-align: inherit;\"><span dir=\"auto\" style=\"vertical-align: inherit;\">.<\/span><\/span><\/p>\n<\/section>\n<p><!-- 9 --><\/p>\n<section id=\"reviews\">\n<h2><span dir=\"auto\" style=\"vertical-align: inherit;\"><span dir=\"auto\" style=\"vertical-align: inherit;\">9. Betyg och recensioner<\/span><\/span><\/h2>\n<p><span dir=\"auto\" style=\"vertical-align: inherit;\"><span dir=\"auto\" style=\"vertical-align: inherit;\">Vi kan komma att publicera kundrecensioner p\u00e5 webbplatsen. N\u00e4r recensioner h\u00e4mtas fr\u00e5n externa k\u00e4llor (t.ex. Facebook), anges detta tydligt, <\/span><\/span><br \/>\n<span dir=\"auto\" style=\"vertical-align: inherit;\"><span dir=\"auto\" style=\"vertical-align: inherit;\">med antingen en direktl\u00e4nk till k\u00e4llan eller en tydlig <\/span><\/span><em><span dir=\"auto\" style=\"vertical-align: inherit;\"><span dir=\"auto\" style=\"vertical-align: inherit;\">friskrivning<\/span><\/span><\/em><span dir=\"auto\" style=\"vertical-align: inherit;\"><span dir=\"auto\" style=\"vertical-align: inherit;\">om recensionernas ursprung.<\/span><\/span><\/p>\n<\/section>\n<p><!-- 10 --><\/p>\n<section id=\"customer-service\">\n<h2><span dir=\"auto\" style=\"vertical-align: inherit;\"><span dir=\"auto\" style=\"vertical-align: inherit;\">10. Kundtj\u00e4nst och klagom\u00e5l<\/span><\/span><\/h2>\n<p><span dir=\"auto\" style=\"vertical-align: inherit;\"><span dir=\"auto\" style=\"vertical-align: inherit;\">F\u00f6r fr\u00e5gor om din best\u00e4llning, klagom\u00e5l eller \u00e5ngerr\u00e4tt, v\u00e4nligen kontakta v\u00e5rt supportteam: <\/span><\/span><br \/>\n<a href=\"mailto:support@thespoonchef.com\"><span dir=\"auto\" style=\"vertical-align: inherit;\"><span dir=\"auto\" style=\"vertical-align: inherit;\">support@thespoonchef.com<\/span><\/span><\/a><span dir=\"auto\" style=\"vertical-align: inherit;\"><span dir=\"auto\" style=\"vertical-align: inherit;\"> . Vi kommer att svara p\u00e5 f\u00f6rfr\u00e5gningar s\u00e5 snart som m\u00f6jligt och <\/span><\/span><br \/>\n<span dir=\"auto\" style=\"vertical-align: inherit;\"><span dir=\"auto\" style=\"vertical-align: inherit;\">inom rimlig tid i enlighet med g\u00e4llande konsumentlagstiftning.<\/span><\/span><\/p>\n<\/section>\n<p><!-- 11 --><\/p>\n<section id=\"liability\">\n<h2><span dir=\"auto\" style=\"vertical-align: inherit;\"><span dir=\"auto\" style=\"vertical-align: inherit;\">11. Ansvarsbegr\u00e4nsning<\/span><\/span><\/h2>\n<p><span dir=\"auto\" style=\"vertical-align: inherit;\"><span dir=\"auto\" style=\"vertical-align: inherit;\">I den utstr\u00e4ckning det \u00e4r till\u00e5tet enligt lag \u00e4r vi inte ansvariga f\u00f6r indirekta skador eller f\u00f6ljdskador. Ingenting i dessa villkor <\/span><\/span><br \/>\n<span dir=\"auto\" style=\"vertical-align: inherit;\"><span dir=\"auto\" style=\"vertical-align: inherit;\">begr\u00e4nsar n\u00e5got ansvar som inte kan uteslutas enligt tvingande lag.<\/span><\/span><\/p>\n<\/section>\n<p><!-- 12 --><\/p>\n<section id=\"force-majeure\">\n<h2><span dir=\"auto\" style=\"vertical-align: inherit;\"><span dir=\"auto\" style=\"vertical-align: inherit;\">12. Force majeure<\/span><\/span><\/h2>\n<p><span dir=\"auto\" style=\"vertical-align: inherit;\"><span dir=\"auto\" style=\"vertical-align: inherit;\">Vi ansvarar inte f\u00f6r f\u00f6rseningar eller underl\u00e5tenhet att uppfylla v\u00e5ra skyldigheter som beror p\u00e5 h\u00e4ndelser utanf\u00f6r v\u00e5r rimliga kontroll,<\/span><\/span><br \/>\n<span dir=\"auto\" style=\"vertical-align: inherit;\"><span dir=\"auto\" style=\"vertical-align: inherit;\">inklusive men inte begr\u00e4nsat till force majeure, strejker, krig, myndighets\u00e5tg\u00e4rder eller st\u00f6rningar hos operat\u00f6rerna.<\/span><\/span><\/p>\n<\/section>\n<p><!-- 13 --><\/p>\n<section id=\"law\">\u00a0<\/section>\n<p><!-- Kontakt --><\/p>\n<section id=\"contact\">\n<h2><span dir=\"auto\" style=\"vertical-align: inherit;\"><span dir=\"auto\" style=\"vertical-align: inherit;\">Kontaktinformation<\/span><\/span><\/h2>\n<address><span dir=\"auto\" style=\"vertical-align: inherit;\"><span dir=\"auto\" style=\"vertical-align: inherit;\">The Spoon Chef SE<\/span><\/span><br \/>\n<span dir=\"auto\" style=\"vertical-align: inherit;\"><span dir=\"auto\" style=\"vertical-align: inherit;\">71\u201375 Shelton Street, London, Storbritannien<\/span><\/span><br \/>\n<span dir=\"auto\" style=\"vertical-align: inherit;\"><span dir=\"auto\" style=\"vertical-align: inherit;\">E-post: <\/span><\/span><a href=\"mailto:support@thespoonchef.com\"><span dir=\"auto\" style=\"vertical-align: inherit;\"><span dir=\"auto\" style=\"vertical-align: inherit;\">support@thespoonchef.com<\/span><\/span><\/a><br \/>\n<span dir=\"auto\" style=\"vertical-align: inherit;\"><span dir=\"auto\" style=\"vertical-align: inherit;\">Webbplats: <\/span><\/span><a href=\"https:\/\/thespoonchef.com\/se\/\" rel=\"noopener\"><span dir=\"auto\" style=\"vertical-align: inherit;\"><span dir=\"auto\" style=\"vertical-align: inherit;\">https:\/\/thespoonchef.com\/se\/<\/span><\/span><\/a><\/address>\n<\/section>\n<p>&nbsp;<\/p>\n","protected":false},"excerpt":{"rendered":"<p>&nbsp; &nbsp; F\u00f6rs\u00e4ljningsvillkor Senast uppdaterad: 20 oktober 2025 1. Syfte Dessa villkor g\u00e4ller f\u00f6r de produkter som erbjuds via The Spoon Chef SE:s webbplats, som drivs av The Spoon Kock\u00a0 med kontor p\u00e5 71-75 Shelton Street, London, Storbritannien. Termerna &#8221;vi&#8221;, &#8221;oss&#8221;, &#8221;v\u00e5r&#8221; och &#8221;The Spoon Chef Books&#8221; h\u00e4nvisa till varum\u00e4rket och dess webbplats. Termen &#8221;du&#8221; [&#8230;]\n","protected":false},"author":1,"featured_media":0,"parent":0,"menu_order":0,"comment_status":"closed","ping_status":"closed","template":"","meta":{"footnotes":""},"class_list":["post-288","page","type-page","status-publish","hentry"],"_links":{"self":[{"href":"https:\/\/thespoonchef.com\/se\/wp-json\/wp\/v2\/pages\/288","targetHints":{"allow":["GET"]}}],"collection":[{"href":"https:\/\/thespoonchef.com\/se\/wp-json\/wp\/v2\/pages"}],"about":[{"href":"https:\/\/thespoonchef.com\/se\/wp-json\/wp\/v2\/types\/page"}],"author":[{"embeddable":true,"href":"https:\/\/thespoonchef.com\/se\/wp-json\/wp\/v2\/users\/1"}],"replies":[{"embeddable":true,"href":"https:\/\/thespoonchef.com\/se\/wp-json\/wp\/v2\/comments?post=288"}],"version-history":[{"count":25,"href":"https:\/\/thespoonchef.com\/se\/wp-json\/wp\/v2\/pages\/288\/revisions"}],"predecessor-version":[{"id":25858,"href":"https:\/\/thespoonchef.com\/se\/wp-json\/wp\/v2\/pages\/288\/revisions\/25858"}],"wp:attachment":[{"href":"https:\/\/thespoonchef.com\/se\/wp-json\/wp\/v2\/media?parent=288"}],"curies":[{"name":"wp","href":"https:\/\/api.w.org\/{rel}","templated":true}]}}