{"id":285,"date":"2021-08-11T20:15:43","date_gmt":"2021-08-11T20:15:43","guid":{"rendered":"https:\/\/thespoonchef.com\/se\/?page_id=285"},"modified":"2025-10-20T18:47:07","modified_gmt":"2025-10-20T18:47:07","slug":"privacy-policy","status":"publish","type":"page","link":"https:\/\/thespoonchef.com\/se\/privacy-policy\/","title":{"rendered":"Integritetspolicy"},"content":{"rendered":"<div class=\"pw-hidden-cp\">\n<div class=\"pw-hidden-cp\">\n<h2 style=\"text-align: center;\">Integritetspolicy<\/h2>\n<p>N\u00e4r du surfar p\u00e5 v\u00e5r webbplats kan cookies placeras p\u00e5 din h\u00e5rddisk. Dessa cookies g\u00f6r det m\u00f6jligt f\u00f6r oss och v\u00e5ra partners att f\u00f6rb\u00e4ttra den tj\u00e4nst vi tillhandah\u00e5ller dig p\u00e5 v\u00e5r webbplats dagligen.<\/p>\n<p>En cookie \u00e4r en testfil som registrerar information om din surfning p\u00e5 webbplatsen. Observera att cookien under inga omst\u00e4ndigheter till\u00e5ter personen som placerat den att f\u00e5 information som registrerats p\u00e5 din h\u00e5rddisk eller personlig information. Den g\u00f6r att du kan k\u00e4nnas igen n\u00e4r du \u00e5terv\u00e4nder till v\u00e5r webbplats och g\u00f6r det enklare f\u00f6r oss att anv\u00e4nda webbplatsen.<\/p>\n<p>Och det \u00e4r d\u00e4rf\u00f6r vi endast samlar in och anv\u00e4nder information via v\u00e5r webbplats p\u00e5 de s\u00e4tt som beskrivs nedan:<\/p>\n<\/div>\n<h3>Personligt identifierbar information:<\/h3>\n<p>The Spoon Chef samlar endast in personligt identifierbar information med ditt samtycke och din vetskap.<\/p>\n<p>The Spoon Chef anv\u00e4nder kreditkortsbetalningstj\u00e4nsterna fr\u00e5n PAYPAL- och STRIPE-f\u00f6retagen f\u00f6r hantering av onlinebetalningar. Bes\u00f6k deras webbplatser f\u00f6r mer information om dessa f\u00f6retags integritetspolicyer.<\/p>\n<p>N\u00e4r du g\u00f6r ett k\u00f6p via The Spoon Chef kommer vi att be dig om ditt efternamn, f\u00f6rnamn, e-postadress och all annan information som beh\u00f6vs f\u00f6r att behandla och sp\u00e5ra din best\u00e4llning. F\u00f6r fakturerings\u00e4ndam\u00e5l kommer du ocks\u00e5 att beh\u00f6va ange kreditkortstyp, kortnummer, utg\u00e5ngsdatum och faktureringsadress som \u00e4r kopplad till kortet.<\/p>\n<p>The Spoon Chef kommer ocks\u00e5 att be dig att skapa ett konto genom att ange en e-postadress och skapa ett unikt l\u00f6senord f\u00f6r att kunna komma \u00e5t dina personuppgifter senare. Genom att skapa ett konto kan\u00a0The Spoon Chef spara dina faktureringsuppgifter, s\u00e5 att du inte beh\u00f6ver ange dessa uppgifter varje g\u00e5ng du g\u00f6r ett k\u00f6p p\u00e5 webbplatsen. Av s\u00e4kerhets- och integritetssk\u00e4l lagras inte kreditkortsnummer i\u00a0The Spoon Chef system.<\/p>\n<p>The Spoon Chef samlar \u00e4ven in ditt namn och din e-postadress om du registrerar dig f\u00f6r att ta emot det elektroniska nyhetsbrevet.<\/p>\n<h3>Icke-identifierbar personlig information:<\/h3>\n<p>Vi samlar \u00e4ven in icke-personligt identifierbar information f\u00f6r att hj\u00e4lpa oss att b\u00e4ttre f\u00f6rst\u00e5 hur v\u00e5r webbplats anv\u00e4nds. Vid varje bes\u00f6k registreras anv\u00e4ndarinformation, men IP-adressen sparas aldrig i parametrarna f\u00f6r personligt identifierbar information. Anv\u00e4ndningsstatistik registreras diskret. Loggfiler \u00e4r privata dokument och anv\u00e4nds fr\u00e4mst av serveradministrat\u00f6rer f\u00f6r felmeddelanden, administration och observation av webbplatsens prestanda. Ibland kan delar av dessa loggfiler visas f\u00f6r serveradministration, s\u00e4kerhet eller d\u00e4r det kr\u00e4vs enligt lag.<\/p>\n<h3>Cookies:<\/h3>\n<p>N\u00e4r du bes\u00f6ker The Spoon Chef kan sm\u00e5 textfiler som kallas &#8221;cookies&#8221; sparas p\u00e5 din dators h\u00e5rddisk. Vi anpassar inneh\u00e5llet p\u00e5 vissa webbsidor baserat p\u00e5 vilken typ av webbl\u00e4sare du anv\u00e4nder eller annan information som tillhandah\u00e5lls av v\u00e5r cookie.\u00a0The Spoon Chef anv\u00e4nder inte dessa cookies f\u00f6r att s\u00f6ka igenom din dator efter personlig information. Om du avvisar cookien kommer du fortfarande att kunna bes\u00f6ka v\u00e5r webbplats; du kanske dock inte kan anv\u00e4nda The Spoon Chef-webbplatsen f\u00f6r att k\u00f6pa presentkort. Detta beror p\u00e5 att cookies kr\u00e4vs av kundvagnen f\u00f6r att beh\u00e5lla den information som beh\u00f6vs f\u00f6r att behandla din best\u00e4llning.<\/p>\n<div class=\"pw-hidden-cp\">\n<h3 class=\"txtgrey6 fontLight\"><span class=\"title-text\">Egna och tredjepartscookies, insamling av anv\u00e4ndningsdata och webbsp\u00e5rningstj\u00e4nster<\/span><\/h3>\n<p class=\"mb20\">Observera att utf\u00e4rdandet och anv\u00e4ndningen av cookies som placeras av tredje part via v\u00e5r webbplats omfattas av tredje parts integritetsskyddspolicy.<\/p>\n<div>\n<p>F\u00f6r att g\u00f6ra det mer attraktivt att bes\u00f6ka v\u00e5r webbplats och f\u00f6r att m\u00f6jligg\u00f6ra anv\u00e4ndning av vissa funktioner, till exempel kundvagnsfunktionen, anv\u00e4nder vi cookies p\u00e5 olika sidor. Dessa \u00e4r textfiler som placeras p\u00e5 din h\u00e5rddisk. De flesta cookies vi anv\u00e4nder raderas fr\u00e5n din h\u00e5rddisk i slutet av webbl\u00e4sarsessionen (sessionscookies). Andra cookies finns kvar p\u00e5 din dator f\u00f6r att vi ska kunna k\u00e4nna igen din dator vid ditt n\u00e4sta bes\u00f6k (permanenta cookies). Av s\u00e4kerhetssk\u00e4l sparas ditt l\u00f6senord givetvis inte. Du kan ocks\u00e5 bes\u00f6ka v\u00e5r webbutik utan cookies. Om du inte vill att vi ska k\u00e4nna igen din dator kan du f\u00f6rhindra att cookies lagras p\u00e5 din h\u00e5rddisk genom att justera dina webbl\u00e4sarinst\u00e4llningar. F\u00f6r mer information, v\u00e4nligen se instruktionerna f\u00f6r din webbl\u00e4sare. Att neka cookies kan leda till en begr\u00e4nsad anv\u00e4ndning av funktionerna i v\u00e5ra erbjudanden. F\u00f6r konfiguration av v\u00e5ra webbsidor efter behov och f\u00f6r optimering av dem anv\u00e4nds Google Analytics, en webbanalystj\u00e4nst fr\u00e5n Google Inc (&#8221;Google&#8221;). Google Analytics anv\u00e4nder cookies, som \u00e4r textfiler som lagras p\u00e5 din dator f\u00f6r att analysera din anv\u00e4ndning av webbplatsen. Informationen som genereras genom din anv\u00e4ndning av denna webbplats (inklusive din IP-adress) \u00f6verf\u00f6rs till en server i USA och lagras d\u00e4r. Google kommer att anv\u00e4nda denna information f\u00f6r att utv\u00e4rdera din anv\u00e4ndning av webbplatsen, f\u00f6r att sammanst\u00e4lla rapporter om webbplatsaktivitet f\u00f6r webbplatsoperat\u00f6ren och f\u00f6r att tillhandah\u00e5lla andra tj\u00e4nster i samband med webbplats- och internetanv\u00e4ndning. Likas\u00e5 \u00f6verf\u00f6r Google denna information till tredje part vid behov, f\u00f6rutsatt att detta f\u00f6reskrivs i lag eller om tredje part behandlar dessa uppgifter f\u00f6r Googles r\u00e4kning. Google kopplar under inga omst\u00e4ndigheter din IP-adress till annan Google-data. Genom att anv\u00e4nda denna webbplats samtycker du till behandling av uppgifter som Google inh\u00e4mtat om dig p\u00e5 det s\u00e4tt som beskrivs ovan och f\u00f6r det angivna \u00e4ndam\u00e5let. Du kan <a href=\"https:\/\/tools.google.com\/dlpage\/gaoptout?hl=en\" target=\"_blank\" rel=\"noopener\">avaktivera<\/a> denna insamling och registrering f\u00f6r framtida data genom att installera ett till\u00e4gg. V\u00e5ra webbsidor anv\u00e4nder Google Adwords Conversion-Tracking, en webbanalystj\u00e4nst fr\u00e5n Google Inc., 1600 Amphitheatre Parkway, Mountain View, CA 94043, USA (&#8221;Google&#8221;), f\u00f6r att f\u00f6rb\u00e4ttra webbplatsen och annons\u00f6rernas aktiviteter. Cookien f\u00f6r konverteringssp\u00e5rning skapas n\u00e4r en anv\u00e4ndare klickar p\u00e5 en annons som erbjuds av Google. Dessa cookies f\u00f6rlorar sin giltighet efter 30 dagar och anv\u00e4nds inte f\u00f6r personlig identifiering. Om du bes\u00f6ker vissa sidor p\u00e5 v\u00e5r webbplats under dessa 30 dagar \u00e4r det m\u00f6jligt f\u00f6r oss och Google USA att k\u00e4nna igen att du klickade p\u00e5 den h\u00e4r annonsen och att du omdirigerades till den h\u00e4r sidan. Varje Google AdWords-kund f\u00e5r en annan cookie. Cookies kan s\u00e5ledes inte sp\u00e5ras fr\u00e5n AdWords-kundernas webbplatser. Informationen som samlas in med hj\u00e4lp av cookies f\u00f6r konverteringssp\u00e5rning anv\u00e4nds f\u00f6r att uppr\u00e4tta konverteringsstatistik. Vi k\u00e4nner till det totala antalet anv\u00e4ndare som klickade p\u00e5 v\u00e5r annons och omdirigerades till v\u00e5r sida. Vi f\u00e5r dock ingen information som identifierar dig personligen. Om du inte vill delta i sp\u00e5rningen kan du enkelt inaktivera cookien f\u00f6r konverteringssp\u00e5rning i anv\u00e4ndarinst\u00e4llningarna i din webbl\u00e4sare. Du kommer d\u00e4rf\u00f6r inte att tas med i statistiken f\u00f6r konverteringssp\u00e5rning.<\/p>\n<p>Ytterligare inst\u00e4llningsalternativ finns p\u00e5 <a href=\"https:\/\/www.google.com\/policies\/technologies\/ads\/\" target=\"_blank\" rel=\"noopener\">Googles sida f\u00f6r att v\u00e4lja bort annonsering<\/a>. Du kan v\u00e4lja bort tredjepartscookies genom att bes\u00f6ka <a href=\"https:\/\/www.networkadvertising.org\/choices\/\" target=\"_blank\" rel=\"noopener\">n\u00e4tverket f\u00f6r avanm\u00e4lningssidorna f\u00f6r annonsinitiativ<\/a>. Du hittar <a href=\"https:\/\/www.google.com\/intl\/fr\/policies\/privacy\/\" target=\"_self\" rel=\"noopener\">h\u00e4r<\/a> mer information om principerna f\u00f6r dataskydd fr\u00e5n Google.<br \/>\nVi anlitar tredjepartsf\u00f6retag f\u00f6r att placera annonser f\u00f6r v\u00e5ra produkter p\u00e5 v\u00e5ra partners webbplatser f\u00f6r att g\u00f6ra dem mer attraktiva f\u00f6r dig. Retargeting-tekniker fr\u00e5n anlitade f\u00f6retag anv\u00e4nds sedan f\u00f6r att samla in helt anonymiserad data med hj\u00e4lp av cookies via de sidor, kategorier eller produkter du har bes\u00f6kt. Detta g\u00f6r det m\u00f6jligt f\u00f6r oss att utforma annonser baserat p\u00e5 ditt intresse f\u00f6r v\u00e5r webbutik eller v\u00e5ra&#8230;<br \/>\nOm du vill inv\u00e4nda mot anv\u00e4ndningen av Facebooks anpassade m\u00e5lgrupper f\u00f6r webbplatser kan du g\u00f6ra det p\u00e5 <a href=\"https:\/\/www.facebook.com\/ads\/website_custom_audiences\/\" target=\"_blank\" rel=\"noopener\">https:\/\/www.facebook.com\/ads\/website_custom_audiences\/<\/a>.<\/p>\n<p>Om du klickade p\u00e5 en bannerannons som visades p\u00e5 Facebook f\u00f6r att komma \u00e5t v\u00e5r webbplats kommer tidpunkten f\u00f6r din best\u00e4llning att meddelas till Facebook Inc., 1601 S. California Ave, Palo Alto, CA 94304, USA. Meddelandet av dessa uppgifter g\u00f6r det m\u00f6jligt f\u00f6r Facebook att fakturera oss f\u00f6r annonsering. Facebook kan l\u00e4nka dessa uppgifter till ditt Facebook-konto och anv\u00e4nda dem f\u00f6r sina egna reklam\u00e4ndam\u00e5l. F\u00f6r mer information, se <a href=\"https:\/\/www.facebook.com\/about\/privacy\/\" target=\"_blank\" rel=\"noopener\">Dataanv\u00e4ndningspolicy&lt;\/ a&gt;). Du kan inv\u00e4nda mot insamling och lagring av dina uppgifter i framtiden genom att klicka <\/a><a href=\"https:\/\/www.facebook.com\/ads\/website_custom_audiences\/\" target=\"_self\" rel=\"noopener\">h\u00e4r<\/a><a href=\"https:\/\/www.facebook.com\/about\/privacy\/\" target=\"_blank\" rel=\"noopener\">.<\/a><\/p>\n<p>Slutligen, om v\u00e5r webbplats ger dig verktyg som g\u00f6r det m\u00f6jligt f\u00f6r dig att dela inneh\u00e5ll fr\u00e5n v\u00e5r webbplats, till exempel knapparna &#8221;dela&#8221; och &#8221;gilla&#8221;, fr\u00e5n sociala n\u00e4tverk som Facebook, Twitter etc.<\/p>\n<h3>Dela information med tredje part:<\/h3>\n<p>Vi hyr inte ut, s\u00e4ljer eller handlar med ditt namn eller annan personligt identifierbar information till andra f\u00f6retag av n\u00e5gon anledning. Din personliga information l\u00e4mnas inte ut till n\u00e5gon extern tredje part, under n\u00e5gon f\u00f6rev\u00e4ndning, s\u00e5vida vi inte f\u00f6rst har f\u00e5tt ditt personliga samtycke, eller om det kr\u00e4vs enligt lag.<\/p>\n<h3 class=\"cbr-headline lineswitch_hideLine align-left\"><span class=\"title-text\">Datas\u00e4kerhet<\/span><\/h3>\n<div>\n<p>N\u00e4r det g\u00e4ller dina personuppgifter kan du lita p\u00e5 oss. Under best\u00e4llningsprocessen \u00f6verf\u00f6rs data till oss med 128-bitars kryptering. The Spoon Chef webbutik och dina uppgifter \u00e4r skyddade genom tekniska och organisatoriska \u00e5tg\u00e4rder mot skada, f\u00f6rst\u00f6relse, modifiering eller \u00e5tkomst av obeh\u00f6riga personer. Trots regelbundna kontroller kan dock ett fullst\u00e4ndigt skydd mot alla hot inte garanteras.<br \/>\nOm du registrerar dig hos oss som kund \u00e4r \u00e5tkomst till ditt kundkonto endast m\u00f6jlig efter att du har angett ditt personliga l\u00f6senord. Du b\u00f6r alltid behandla din betalningsinformation konfidentiellt och st\u00e4nga webbl\u00e4sarf\u00f6nstret s\u00e5 snart du slutar kommunicera med oss, s\u00e4rskilt om du delar din dator med andra.<br \/>\nVi tar \u00e4ven dataskydd inom v\u00e5rt f\u00f6retag p\u00e5 st\u00f6rsta allvar. V\u00e5ra anst\u00e4llda och de f\u00f6retag vi anlitar \u00e4r bundna av tystnadsplikt och efterlevnad av dataskyddsbest\u00e4mmelser.<\/p>\n<\/div>\n<\/div>\n<h3>Hur du ut\u00f6var ditt val<\/h3>\n<p>Du har m\u00f6jlighet att n\u00e4r som helst mots\u00e4tta dig lagringen av &#8221;cookies&#8221; genom att konfigurera din webbl\u00e4sare.<\/p>\n<p>Om du dock v\u00e4ljer att ta bort dessa cookies m\u00e5ste du upprepa \u00e5tg\u00e4rden, och om du surfar via en annan operat\u00f6r m\u00e5ste du g\u00f6ra detsamma.<\/p>\n<p>H\u00e4r \u00e4r proceduren f\u00f6r att radera cookies i de olika webbl\u00e4sarna p\u00e5 CNIL:s webbplats: <a href=\"https:\/\/www.cnil.fr\/fr\/cookies-les-outils-pour-les-maitriser\" target=\"_blank\" rel=\"noopener\"> https:\/\/www.cnil.fr\/fr\/cookies-les-outils-pour-les-maitriser<\/a><\/p>\n<\/div>\n<\/div>\n<h3 class=\"cbr-headline lineswitch_hideLine align-left\"><span class=\"title-text\">R\u00e4tt till information, r\u00e4tt till inv\u00e4ndning och r\u00e4tt till \u00e5ngerr\u00e4tt<\/span><\/h3>\n<div>\n<p>Enligt den federala dataskyddslagen har du r\u00e4tt till fri information om dina lagrade uppgifter samt r\u00e4ttelse, blockering eller radering av uppgifterna. Du kan ocks\u00e5 inv\u00e4nda mot insamling och lagring av dina anonymiserade eller pseudonymiserade uppgifter i syfte att optimera v\u00e5r webbplats. Likas\u00e5 kan du n\u00e4r som helst \u00e5terkalla, med framtida verkan, alla tillst\u00e5nd att samla in, lagra och anv\u00e4nda dina uppgifter som du har beviljat oss.<br \/>\nVi st\u00e5r till ert f\u00f6rfogande f\u00f6r ytterligare information om dataskydd och behandling av dina personuppgifter. F\u00f6r fr\u00e5gor eller information samt f\u00f6r r\u00e4ttelse, blockering eller radering av uppgifter, <a href=\"https:\/\/thespoonchef.com\/se\/contact-us\/\">v\u00e4nligen skriv till oss h\u00e4r.<\/a><\/p>\n<div>\n<h3 class=\"cbr-headline lineswitch_hideLine align-left\"><span class=\"title-text\">Beviljade tillst\u00e5nd, om n\u00e5gra<\/span><\/h3>\n<div>Om till\u00e4mpligt har du uttryckligen gett oss f\u00f6ljande tillst\u00e5nd n\u00e4r du prenumererar p\u00e5 v\u00e5rt nyhetsbrev, registrerar dig f\u00f6r medlemsomr\u00e5det eller under best\u00e4llningsprocessen. I detta fall, ut\u00f6ver det som hittills anges i denna dataskyddsf\u00f6rklaring, kommer dina personuppgifter ocks\u00e5 att anv\u00e4ndas i enlighet med f\u00f6ljande samtyckesf\u00f6rklaring:<strong>Tillst\u00e5nd att skicka e-post<\/strong><br \/>\nJag vill bli informerad via e-post om recept, kampanjer, produkter och t\u00e4vlingar. F\u00f6r detta \u00e4ndam\u00e5l kommer mina uppgifter endast att \u00f6verf\u00f6ras till The Spoon Chef. Jag kan n\u00e4r som helst avsluta prenumerationen p\u00e5 nyhetsbrevet via e-post via en l\u00e4nk som finns i alla nyhetsbrev som skickas av The Spoon Chef. Jag har l\u00e4st dataskyddsbest\u00e4mmelserna.<\/div>\n<p>&nbsp;<\/p>\n<\/div>\n<\/div>\n","protected":false},"excerpt":{"rendered":"<p>Integritetspolicy N\u00e4r du surfar p\u00e5 v\u00e5r webbplats kan cookies placeras p\u00e5 din h\u00e5rddisk. Dessa cookies g\u00f6r det m\u00f6jligt f\u00f6r oss och v\u00e5ra partners att f\u00f6rb\u00e4ttra den tj\u00e4nst vi tillhandah\u00e5ller dig p\u00e5 v\u00e5r webbplats dagligen. En cookie \u00e4r en testfil som registrerar information om din surfning p\u00e5 webbplatsen. Observera att cookien under inga omst\u00e4ndigheter till\u00e5ter personen [&#8230;]\n","protected":false},"author":1,"featured_media":0,"parent":0,"menu_order":0,"comment_status":"closed","ping_status":"closed","template":"","meta":{"footnotes":""},"class_list":["post-285","page","type-page","status-publish","hentry"],"_links":{"self":[{"href":"https:\/\/thespoonchef.com\/se\/wp-json\/wp\/v2\/pages\/285","targetHints":{"allow":["GET"]}}],"collection":[{"href":"https:\/\/thespoonchef.com\/se\/wp-json\/wp\/v2\/pages"}],"about":[{"href":"https:\/\/thespoonchef.com\/se\/wp-json\/wp\/v2\/types\/page"}],"author":[{"embeddable":true,"href":"https:\/\/thespoonchef.com\/se\/wp-json\/wp\/v2\/users\/1"}],"replies":[{"embeddable":true,"href":"https:\/\/thespoonchef.com\/se\/wp-json\/wp\/v2\/comments?post=285"}],"version-history":[{"count":8,"href":"https:\/\/thespoonchef.com\/se\/wp-json\/wp\/v2\/pages\/285\/revisions"}],"predecessor-version":[{"id":25736,"href":"https:\/\/thespoonchef.com\/se\/wp-json\/wp\/v2\/pages\/285\/revisions\/25736"}],"wp:attachment":[{"href":"https:\/\/thespoonchef.com\/se\/wp-json\/wp\/v2\/media?parent=285"}],"curies":[{"name":"wp","href":"https:\/\/api.w.org\/{rel}","templated":true}]}}