{"id":275,"date":"2021-08-11T19:58:28","date_gmt":"2021-08-11T19:58:28","guid":{"rendered":"https:\/\/thespoonchef.com\/se\/?page_id=275"},"modified":"2025-11-07T15:05:00","modified_gmt":"2025-11-07T15:05:00","slug":"contact-us","status":"publish","type":"page","link":"https:\/\/thespoonchef.com\/se\/contact-us\/","title":{"rendered":"Kontakta oss"},"content":{"rendered":"<p style=\"text-align: center;\"><span style=\"font-size: 25.92px; color: #333333;\">Kontakta oss<\/span><\/p>\n<header>Hittade du inte svaret p\u00e5 din fr\u00e5ga i v\u00e5r <a href=\"https:\/\/thespoonchef.com\/se\/faq\/\">FAQ<\/a>, eller vill du komma i kontakt med <strong>The Spoon Chef<\/strong>-teamet? Vi hj\u00e4lper dig g\u00e4rna!Fyll i formul\u00e4ret nedan med en giltig e-postadress, s\u00e5 \u00e5terkommer v\u00e5rt kundserviceteam till dig s\u00e5 snart som m\u00f6jligt.<\/header>\n<div class=\"wpforms-container wpforms-container-full\" id=\"wpforms-283\"><form id=\"wpforms-form-283\" class=\"wpforms-validate wpforms-form wpforms-ajax-form\" data-formid=\"283\" method=\"post\" enctype=\"multipart\/form-data\" action=\"\/se\/wp-json\/wp\/v2\/pages\/275\" data-token=\"cc4f8d1dd914a6b379c6968ea5140273\" data-token-time=\"1778171977\"><noscript class=\"wpforms-error-noscript\">Aktivera JavaScript i din webbl\u00e4sare f\u00f6r att fylla i formul\u00e4ret.<\/noscript><div class=\"wpforms-field-container\"><div id=\"wpforms-283-field_0-container\" class=\"wpforms-field wpforms-field-name\" data-field-id=\"0\"><label class=\"wpforms-field-label\" for=\"wpforms-283-field_0\">Namn <span class=\"wpforms-required-label\">*<\/span><\/label><input type=\"text\" id=\"wpforms-283-field_0\" class=\"wpforms-field-medium wpforms-field-required\" name=\"wpforms[fields][0]\" required><\/div><div id=\"wpforms-283-field_5-container\" class=\"wpforms-field wpforms-field-name\" data-field-id=\"5\"><label class=\"wpforms-field-label\" for=\"wpforms-283-field_5\">F\u00f6rnamn <span class=\"wpforms-required-label\">*<\/span><\/label><input type=\"text\" id=\"wpforms-283-field_5\" class=\"wpforms-field-medium wpforms-field-required\" name=\"wpforms[fields][5]\" required><\/div><div id=\"wpforms-283-field_1-container\" class=\"wpforms-field wpforms-field-email\" data-field-id=\"1\"><label class=\"wpforms-field-label\" for=\"wpforms-283-field_1\">E-post <span class=\"wpforms-required-label\">*<\/span><\/label><input type=\"email\" id=\"wpforms-283-field_1\" class=\"wpforms-field-medium wpforms-field-required\" name=\"wpforms[fields][1]\" spellcheck=\"false\" required><\/div><div id=\"wpforms-283-field_3-container\" class=\"wpforms-field wpforms-field-text\" data-field-id=\"3\"><label class=\"wpforms-field-label\" for=\"wpforms-283-field_3\">Ordernummer<\/label><input type=\"text\" id=\"wpforms-283-field_3\" class=\"wpforms-field-medium\" name=\"wpforms[fields][3]\" ><\/div><div id=\"wpforms-283-field_2-container\" class=\"wpforms-field wpforms-field-textarea\" data-field-id=\"2\"><label class=\"wpforms-field-label\" for=\"wpforms-283-field_2\">Kommentar eller meddelande <span class=\"wpforms-required-label\">*<\/span><\/label><textarea id=\"wpforms-283-field_2\" class=\"wpforms-field-medium wpforms-field-required\" name=\"wpforms[fields][2]\" required><\/textarea><\/div><\/div><!-- .wpforms-field-container --><div class=\"wpforms-submit-container\" ><input type=\"hidden\" name=\"wpforms[id]\" value=\"283\"><input type=\"hidden\" name=\"page_title\" value=\"\"><input type=\"hidden\" name=\"page_url\" value=\"https:\/\/thespoonchef.com\/se\/wp-json\/wp\/v2\/pages\/275\"><input type=\"hidden\" name=\"url_referer\" value=\"\"><button type=\"submit\" name=\"wpforms[submit]\" id=\"wpforms-submit-283\" class=\"wpforms-submit\" data-alt-text=\"Skicka\" data-submit-text=\"Skicka..\" aria-live=\"assertive\" value=\"wpforms-submit\">Skicka..<\/button><img loading=\"lazy\" decoding=\"async\" src=\"https:\/\/thespoonchef.com\/se\/wp-content\/plugins\/wpforms-lite\/assets\/images\/submit-spin.svg\" class=\"wpforms-submit-spinner\" style=\"display: none;\" width=\"26\" height=\"26\" alt=\"Laddar\"><\/div><\/form><\/div>  <!-- .wpforms-container -->\n<div class=\"info-box\">\n<h2>Kundservice<\/h2>\n<p>\ud83d\udce7 <strong>E-post:<\/strong> <a href=\"mailto:support@thespoonchef.com\">support@thespoonchef.com<\/a><\/p>\n<p>\ud83d\udcde <strong>Telefon:<\/strong> +44 20 3289 7450 <em>(M\u00e5n\u2013Fre, 09:00\u201317:00 GMT)<\/em><\/p>\n<p>\ud83d\udcac <strong>Livechatt:<\/strong> Tillg\u00e4nglig p\u00e5 v\u00e5r webbplats under kontorstid<\/p>\n<address>\ud83d\udccd <strong>Adress:<\/strong><br \/>\nThe Spoon Chef SE<br \/>\n71\u201375 Shelton Street<br \/>\nLondon, Storbritannien<\/address>\n<\/div>\n<p>&nbsp;<\/p>\n","protected":false},"excerpt":{"rendered":"<p>Kontakta oss Hittade du inte svaret p\u00e5 din fr\u00e5ga i v\u00e5r FAQ, eller vill du komma i kontakt med The Spoon Chef-teamet? Vi hj\u00e4lper dig g\u00e4rna!Fyll i formul\u00e4ret nedan med en giltig e-postadress, s\u00e5 \u00e5terkommer v\u00e5rt kundserviceteam till dig s\u00e5 snart som m\u00f6jligt. Kundservice \ud83d\udce7 E-post: support@thespoonchef.com \ud83d\udcde Telefon: +44 20 3289 7450 (M\u00e5n\u2013Fre, 09:00\u201317:00 [&#8230;]\n","protected":false},"author":1,"featured_media":0,"parent":0,"menu_order":0,"comment_status":"closed","ping_status":"closed","template":"","meta":{"footnotes":""},"class_list":["post-275","page","type-page","status-publish","hentry"],"_links":{"self":[{"href":"https:\/\/thespoonchef.com\/se\/wp-json\/wp\/v2\/pages\/275","targetHints":{"allow":["GET"]}}],"collection":[{"href":"https:\/\/thespoonchef.com\/se\/wp-json\/wp\/v2\/pages"}],"about":[{"href":"https:\/\/thespoonchef.com\/se\/wp-json\/wp\/v2\/types\/page"}],"author":[{"embeddable":true,"href":"https:\/\/thespoonchef.com\/se\/wp-json\/wp\/v2\/users\/1"}],"replies":[{"embeddable":true,"href":"https:\/\/thespoonchef.com\/se\/wp-json\/wp\/v2\/comments?post=275"}],"version-history":[{"count":18,"href":"https:\/\/thespoonchef.com\/se\/wp-json\/wp\/v2\/pages\/275\/revisions"}],"predecessor-version":[{"id":25856,"href":"https:\/\/thespoonchef.com\/se\/wp-json\/wp\/v2\/pages\/275\/revisions\/25856"}],"wp:attachment":[{"href":"https:\/\/thespoonchef.com\/se\/wp-json\/wp\/v2\/media?parent=275"}],"curies":[{"name":"wp","href":"https:\/\/api.w.org\/{rel}","templated":true}]}}