{"id":2486,"date":"2022-03-07T22:00:09","date_gmt":"2022-03-07T22:00:09","guid":{"rendered":"https:\/\/thespoonchef.com\/se\/?page_id=2486"},"modified":"2025-10-21T09:09:49","modified_gmt":"2025-10-21T09:09:49","slug":"best-selling-books","status":"publish","type":"page","link":"https:\/\/thespoonchef.com\/se\/best-selling-books\/","title":{"rendered":"B\u00e4sts\u00e4ljande b\u00f6cker"},"content":{"rendered":"<div class=\"container section-title-container\" ><h3 class=\"section-title section-title-center\"><b><\/b><span class=\"section-title-main\" >B\u00e4sts\u00e4ljande b\u00f6cker<\/span><b><\/b><\/h3><\/div>\n<div class=\"woocommerce columns-4 \"><div class=\"products row row-small large-columns-4 medium-columns-3 small-columns-2 has-shadow row-box-shadow-2 row-box-shadow-1-hover has-equal-box-heights\">\n\n<div class=\"product-small col has-hover product type-product post-6013 status-publish first instock product_cat-viktvaktarnas has-post-thumbnail sale taxable shipping-taxable purchasable product-type-simple\">\n\t<div class=\"col-inner\">\n\t\n<div class=\"badge-container absolute left top z-1\">\n\t\t<div class=\"callout badge badge-circle\"><div class=\"badge-inner secondary on-sale\"><span class=\"onsale\">-29%<\/span><\/div><\/div>\n<\/div>\n\t<div class=\"product-small box \">\n\t\t<div class=\"box-image\">\n\t\t\t<div class=\"image-fade_in_back\">\n\t\t\t\t<a href=\"https:\/\/thespoonchef.com\/se\/product\/viktvaktarnas-recept-for-airfryer-tryckt-bok\/\" aria-label=\"ViktV\u00e4ktarnas Recept f\u00f6r Airfryer (Tryckt Bok)\">\n\t\t\t\t\t<img loading=\"lazy\" decoding=\"async\" width=\"300\" height=\"300\" src=\"https:\/\/thespoonchef.com\/se\/wp-content\/uploads\/2023\/02\/ViktVaktarnas-Recept-for-Airfryer-lul-1-300x300.jpg\" class=\"attachment-woocommerce_thumbnail size-woocommerce_thumbnail\" alt=\"ViktV\u00e4ktarnas Recept f\u00f6r Airfryer (Tryckt Bok)\" srcset=\"https:\/\/thespoonchef.com\/se\/wp-content\/uploads\/2023\/02\/ViktVaktarnas-Recept-for-Airfryer-lul-1-300x300.jpg 300w, https:\/\/thespoonchef.com\/se\/wp-content\/uploads\/2023\/02\/ViktVaktarnas-Recept-for-Airfryer-lul-1-400x400.jpg 400w, https:\/\/thespoonchef.com\/se\/wp-content\/uploads\/2023\/02\/ViktVaktarnas-Recept-for-Airfryer-lul-1-800x800.jpg 800w, https:\/\/thespoonchef.com\/se\/wp-content\/uploads\/2023\/02\/ViktVaktarnas-Recept-for-Airfryer-lul-1-280x280.jpg 280w, https:\/\/thespoonchef.com\/se\/wp-content\/uploads\/2023\/02\/ViktVaktarnas-Recept-for-Airfryer-lul-1-768x768.jpg 768w, https:\/\/thespoonchef.com\/se\/wp-content\/uploads\/2023\/02\/ViktVaktarnas-Recept-for-Airfryer-lul-1-600x600.jpg 600w, https:\/\/thespoonchef.com\/se\/wp-content\/uploads\/2023\/02\/ViktVaktarnas-Recept-for-Airfryer-lul-1-100x100.jpg 100w, https:\/\/thespoonchef.com\/se\/wp-content\/uploads\/2023\/02\/ViktVaktarnas-Recept-for-Airfryer-lul-1.jpg 1500w\" sizes=\"auto, (max-width: 300px) 100vw, 300px\" \/>\t\t\t\t<\/a>\n\t\t\t<\/div>\n\t\t\t<div class=\"image-tools is-small top right show-on-hover\">\n\t\t\t\t\t\t\t<\/div>\n\t\t\t<div class=\"image-tools is-small hide-for-small bottom left show-on-hover\">\n\t\t\t\t\t\t\t<\/div>\n\t\t\t<div class=\"image-tools grid-tools text-center hide-for-small bottom hover-slide-in show-on-hover\">\n\t\t\t\t\t\t\t<\/div>\n\t\t\t\t\t<\/div>\n\n\t\t<div class=\"box-text box-text-products text-center grid-style-2\">\n\t\t\t<div class=\"title-wrapper\"><p class=\"name product-title woocommerce-loop-product__title\"><a href=\"https:\/\/thespoonchef.com\/se\/product\/viktvaktarnas-recept-for-airfryer-tryckt-bok\/\" class=\"woocommerce-LoopProduct-link woocommerce-loop-product__link\">ViktV\u00e4ktarnas Recept f\u00f6r Airfryer (Tryckt Bok)<\/a><\/p><\/div><div class=\"price-wrapper\">\n\t<span class=\"price\"><del aria-hidden=\"true\"><span class=\"woocommerce-Price-amount amount\"><bdi>490.90<span class=\"woocommerce-Price-currencySymbol\">&#107;&#114;<\/span><\/bdi><\/span><\/del> <span class=\"screen-reader-text\">Det ursprungliga priset var: 490.90&#107;&#114;.<\/span><ins aria-hidden=\"true\"><span class=\"woocommerce-Price-amount amount\"><bdi>349.00<span class=\"woocommerce-Price-currencySymbol\">&#107;&#114;<\/span><\/bdi><\/span><\/ins><span class=\"screen-reader-text\">Det nuvarande priset \u00e4r: 349.00&#107;&#114;.<\/span><\/span>\n<\/div><div class=\"add-to-cart-button\"><a href=\"\/se\/wp-json\/wp\/v2\/pages\/2486?add-to-cart=6013\" aria-describedby=\"woocommerce_loop_add_to_cart_link_describedby_6013\" data-quantity=\"1\" class=\"primary is-small mb-0 button product_type_simple add_to_cart_button ajax_add_to_cart is-flat\" data-product_id=\"6013\" data-product_sku=\"\" aria-label=\"L\u00e4gg till i varukorgen: \u201dViktV\u00e4ktarnas Recept f\u00f6r Airfryer (Tryckt Bok)\u201d\" rel=\"nofollow\" data-success_message=\"&quot;ViktV\u00e4ktarnas Recept f\u00f6r Airfryer (Tryckt Bok)&quot; har lagts till i din varukorg\" data-show_after_cart_modal=\"6013\">L\u00e4gg till i varukorg<\/a><\/div>\t<span id=\"woocommerce_loop_add_to_cart_link_describedby_6013\" class=\"screen-reader-text\">\n\t\t\t<\/span>\n\t\t<\/div>\n\t<\/div>\n\t\t<\/div>\n<\/div>\n\n<div class=\"product-small col has-hover product type-product post-25892 status-publish instock product_cat-diet-cookbook has-post-thumbnail sale taxable shipping-taxable purchasable product-type-simple\">\n\t<div class=\"col-inner\">\n\t\n<div class=\"badge-container absolute left top z-1\">\n\t\t<div class=\"callout badge badge-circle\"><div class=\"badge-inner secondary on-sale\"><span class=\"onsale\">-29%<\/span><\/div><\/div>\n<\/div>\n\t<div class=\"product-small box \">\n\t\t<div class=\"box-image\">\n\t\t\t<div class=\"image-fade_in_back\">\n\t\t\t\t<a href=\"https:\/\/thespoonchef.com\/se\/product\/svensk-husmanskost-protein-airfryer-edition\/\" aria-label=\"Svensk Husmanskost \u2013 Protein &amp; Airfryer Edition (Tryckt Bok)\">\n\t\t\t\t\t<img loading=\"lazy\" decoding=\"async\" width=\"300\" height=\"300\" src=\"https:\/\/thespoonchef.com\/se\/wp-content\/uploads\/2026\/04\/Svensk-Husmanskost-\u2013-Protein-Airfryer-Edition-300x300.jpg\" class=\"attachment-woocommerce_thumbnail size-woocommerce_thumbnail\" alt=\"Svensk Husmanskost \u2013 Protein &amp; Airfryer Edition\" srcset=\"https:\/\/thespoonchef.com\/se\/wp-content\/uploads\/2026\/04\/Svensk-Husmanskost-\u2013-Protein-Airfryer-Edition-300x300.jpg 300w, https:\/\/thespoonchef.com\/se\/wp-content\/uploads\/2026\/04\/Svensk-Husmanskost-\u2013-Protein-Airfryer-Edition-400x400.jpg 400w, https:\/\/thespoonchef.com\/se\/wp-content\/uploads\/2026\/04\/Svensk-Husmanskost-\u2013-Protein-Airfryer-Edition-800x800.jpg 800w, https:\/\/thespoonchef.com\/se\/wp-content\/uploads\/2026\/04\/Svensk-Husmanskost-\u2013-Protein-Airfryer-Edition-280x280.jpg 280w, https:\/\/thespoonchef.com\/se\/wp-content\/uploads\/2026\/04\/Svensk-Husmanskost-\u2013-Protein-Airfryer-Edition-768x768.jpg 768w, https:\/\/thespoonchef.com\/se\/wp-content\/uploads\/2026\/04\/Svensk-Husmanskost-\u2013-Protein-Airfryer-Edition-600x600.jpg 600w, https:\/\/thespoonchef.com\/se\/wp-content\/uploads\/2026\/04\/Svensk-Husmanskost-\u2013-Protein-Airfryer-Edition-100x100.jpg 100w, https:\/\/thespoonchef.com\/se\/wp-content\/uploads\/2026\/04\/Svensk-Husmanskost-\u2013-Protein-Airfryer-Edition.jpg 1321w\" sizes=\"auto, (max-width: 300px) 100vw, 300px\" \/>\t\t\t\t<\/a>\n\t\t\t<\/div>\n\t\t\t<div class=\"image-tools is-small top right show-on-hover\">\n\t\t\t\t\t\t\t<\/div>\n\t\t\t<div class=\"image-tools is-small hide-for-small bottom left show-on-hover\">\n\t\t\t\t\t\t\t<\/div>\n\t\t\t<div class=\"image-tools grid-tools text-center hide-for-small bottom hover-slide-in show-on-hover\">\n\t\t\t\t\t\t\t<\/div>\n\t\t\t\t\t<\/div>\n\n\t\t<div class=\"box-text box-text-products text-center grid-style-2\">\n\t\t\t<div class=\"title-wrapper\"><p class=\"name product-title woocommerce-loop-product__title\"><a href=\"https:\/\/thespoonchef.com\/se\/product\/svensk-husmanskost-protein-airfryer-edition\/\" class=\"woocommerce-LoopProduct-link woocommerce-loop-product__link\">Svensk Husmanskost \u2013 Protein &#038; Airfryer Edition (Tryckt Bok)<\/a><\/p><\/div><div class=\"price-wrapper\">\n\t<span class=\"price\"><del aria-hidden=\"true\"><span class=\"woocommerce-Price-amount amount\"><bdi>490.90<span class=\"woocommerce-Price-currencySymbol\">&#107;&#114;<\/span><\/bdi><\/span><\/del> <span class=\"screen-reader-text\">Det ursprungliga priset var: 490.90&#107;&#114;.<\/span><ins aria-hidden=\"true\"><span class=\"woocommerce-Price-amount amount\"><bdi>349.00<span class=\"woocommerce-Price-currencySymbol\">&#107;&#114;<\/span><\/bdi><\/span><\/ins><span class=\"screen-reader-text\">Det nuvarande priset \u00e4r: 349.00&#107;&#114;.<\/span><\/span>\n<\/div><div class=\"add-to-cart-button\"><a href=\"\/se\/wp-json\/wp\/v2\/pages\/2486?add-to-cart=25892\" aria-describedby=\"woocommerce_loop_add_to_cart_link_describedby_25892\" data-quantity=\"1\" class=\"primary is-small mb-0 button product_type_simple add_to_cart_button ajax_add_to_cart is-flat\" data-product_id=\"25892\" data-product_sku=\"\" aria-label=\"L\u00e4gg till i varukorgen: \u201dSvensk Husmanskost \u2013 Protein &amp; Airfryer Edition (Tryckt Bok)\u201d\" rel=\"nofollow\" data-success_message=\"&quot;Svensk Husmanskost \u2013 Protein &amp; Airfryer Edition (Tryckt Bok)&quot; har lagts till i din varukorg\" data-show_after_cart_modal=\"25892\">L\u00e4gg till i varukorg<\/a><\/div>\t<span id=\"woocommerce_loop_add_to_cart_link_describedby_25892\" class=\"screen-reader-text\">\n\t\t\t<\/span>\n\t\t<\/div>\n\t<\/div>\n\t\t<\/div>\n<\/div>\n<\/div><!-- row --><\/div>\n","protected":false},"excerpt":{"rendered":"","protected":false},"author":1,"featured_media":0,"parent":0,"menu_order":0,"comment_status":"closed","ping_status":"closed","template":"","meta":{"footnotes":""},"class_list":["post-2486","page","type-page","status-publish","hentry"],"_links":{"self":[{"href":"https:\/\/thespoonchef.com\/se\/wp-json\/wp\/v2\/pages\/2486","targetHints":{"allow":["GET"]}}],"collection":[{"href":"https:\/\/thespoonchef.com\/se\/wp-json\/wp\/v2\/pages"}],"about":[{"href":"https:\/\/thespoonchef.com\/se\/wp-json\/wp\/v2\/types\/page"}],"author":[{"embeddable":true,"href":"https:\/\/thespoonchef.com\/se\/wp-json\/wp\/v2\/users\/1"}],"replies":[{"embeddable":true,"href":"https:\/\/thespoonchef.com\/se\/wp-json\/wp\/v2\/comments?post=2486"}],"version-history":[{"count":7,"href":"https:\/\/thespoonchef.com\/se\/wp-json\/wp\/v2\/pages\/2486\/revisions"}],"predecessor-version":[{"id":25761,"href":"https:\/\/thespoonchef.com\/se\/wp-json\/wp\/v2\/pages\/2486\/revisions\/25761"}],"wp:attachment":[{"href":"https:\/\/thespoonchef.com\/se\/wp-json\/wp\/v2\/media?parent=2486"}],"curies":[{"name":"wp","href":"https:\/\/api.w.org\/{rel}","templated":true}]}}